{"id":1374,"date":"2022-06-28T08:00:09","date_gmt":"2022-06-28T08:00:09","guid":{"rendered":"http:\/\/farmaqua.com\/?page_id=1374"},"modified":"2022-12-01T07:32:59","modified_gmt":"2022-12-01T07:32:59","slug":"about-us","status":"publish","type":"page","link":"https:\/\/www.farmaqua.com\/es\/about-us\/","title":{"rendered":"ABOUT US"},"content":{"rendered":"\t<div id=\"gap-1017307903\" class=\"gap-element clearfix\" style=\"display:block; height:auto;\">\n\t\t\n<style>\n#gap-1017307903 {\n  padding-top: 30px;\n}\n<\/style>\n\t<\/div>\n\t\n<div class=\"container section-title-container\" style=\"margin-top:10px;margin-bottom:-10px;\"><h3 class=\"section-title section-title-normal\"><b><\/b><span class=\"section-title-main\" style=\"color:rgb(7, 45, 129);\"><i class=\"icon-angle-down\" ><\/i>SOBRE NOSOTROS<\/span><b><\/b><\/h3><\/div>\n\t<section class=\"section\" id=\"section_1867098458\">\n\t\t<div class=\"bg section-bg fill bg-fill  bg-loaded\" >\n\n\t\t\t\n\t\t\t\n\t\t\t\n\n\t\t<\/div>\n\n\t\t\n\n\t\t<div class=\"section-content relative\">\n\t\t\t\n<div class=\"row\"  id=\"row-2093296395\">\n\n\t<div id=\"col-1385995431\" class=\"col medium-5 small-12 large-5\"  >\n\t\t\t\t<div class=\"col-inner\"  >\n\t\t\t\n\t\t\t\n<div class=\"slider-wrapper relative\" id=\"slider-1579189366\" >\n    <div class=\"slider slider-nav-circle slider-nav-large slider-nav-light slider-style-normal\"\n        data-flickity-options='{\n            \"cellAlign\": \"center\",\n            \"imagesLoaded\": true,\n            \"lazyLoad\": 1,\n            \"freeScroll\": false,\n            \"wrapAround\": true,\n            \"autoPlay\": 4500,\n            \"pauseAutoPlayOnHover\" : true,\n            \"prevNextButtons\": true,\n            \"contain\" : true,\n            \"adaptiveHeight\" : true,\n            \"dragThreshold\" : 10,\n            \"percentPosition\": true,\n            \"pageDots\": true,\n            \"rightToLeft\": false,\n            \"draggable\": true,\n            \"selectedAttraction\": 0.1,\n            \"parallax\" : 0,\n            \"friction\": 0.6        }'\n        >\n        \n\n  <div class=\"banner has-hover\" id=\"banner-1865084925\">\n          <div class=\"banner-inner fill\">\n        <div class=\"banner-bg fill\" >\n            <div class=\"bg fill bg-fill \"><\/div>\n                                    \n                    <\/div>\n\t\t\n        <div class=\"banner-layers container\">\n            <div class=\"fill banner-link\"><\/div>            \n        <\/div>\n      <\/div>\n\n            \n<style>\n#banner-1865084925 {\n  padding-top: 500px;\n}\n#banner-1865084925 .bg.bg-loaded {\n  background-image: url(https:\/\/www.farmaqua.com\/wp-content\/uploads\/2022\/11\/IMG_7026-452x800.jpg);\n}\n#banner-1865084925 .ux-shape-divider--top svg {\n  height: 150px;\n  --divider-top-width: 100%;\n}\n#banner-1865084925 .ux-shape-divider--bottom svg {\n  height: 150px;\n  --divider-width: 100%;\n}\n<\/style>\n  <\/div>\n\n\n\n  <div class=\"banner has-hover\" id=\"banner-358411651\">\n          <div class=\"banner-inner fill\">\n        <div class=\"banner-bg fill\" >\n            <div class=\"bg fill bg-fill \"><\/div>\n                                    \n                    <\/div>\n\t\t\n        <div class=\"banner-layers container\">\n            <div class=\"fill banner-link\"><\/div>            \n        <\/div>\n      <\/div>\n\n            \n<style>\n#banner-358411651 {\n  padding-top: 500px;\n}\n#banner-358411651 .bg.bg-loaded {\n  background-image: url(https:\/\/www.farmaqua.com\/wp-content\/uploads\/2022\/11\/IMG_7019-607x800.jpg);\n}\n#banner-358411651 .ux-shape-divider--top svg {\n  height: 150px;\n  --divider-top-width: 100%;\n}\n#banner-358411651 .ux-shape-divider--bottom svg {\n  height: 150px;\n  --divider-width: 100%;\n}\n<\/style>\n  <\/div>\n\n\n\n  <div class=\"banner has-hover\" id=\"banner-124428576\">\n          <div class=\"banner-inner fill\">\n        <div class=\"banner-bg fill\" >\n            <div class=\"bg fill bg-fill \"><\/div>\n                                    \n                    <\/div>\n\t\t\n        <div class=\"banner-layers container\">\n            <div class=\"fill banner-link\"><\/div>            \n        <\/div>\n      <\/div>\n\n            \n<style>\n#banner-124428576 {\n  padding-top: 500px;\n}\n#banner-124428576 .bg.bg-loaded {\n  background-image: url(https:\/\/www.farmaqua.com\/wp-content\/uploads\/2022\/11\/IMG_2884-554x800.jpg);\n}\n#banner-124428576 .ux-shape-divider--top svg {\n  height: 150px;\n  --divider-top-width: 100%;\n}\n#banner-124428576 .ux-shape-divider--bottom svg {\n  height: 150px;\n  --divider-width: 100%;\n}\n<\/style>\n  <\/div>\n\n\n\n  <div class=\"banner has-hover\" id=\"banner-82880787\">\n          <div class=\"banner-inner fill\">\n        <div class=\"banner-bg fill\" >\n            <div class=\"bg fill bg-fill \"><\/div>\n                                    \n                    <\/div>\n\t\t\n        <div class=\"banner-layers container\">\n            <div class=\"fill banner-link\"><\/div>            \n        <\/div>\n      <\/div>\n\n            \n<style>\n#banner-82880787 {\n  padding-top: 500px;\n}\n#banner-82880787 .bg.bg-loaded {\n  background-image: url(https:\/\/www.farmaqua.com\/wp-content\/uploads\/2022\/11\/IMG_7122-600x800.jpg);\n}\n#banner-82880787 .ux-shape-divider--top svg {\n  height: 150px;\n  --divider-top-width: 100%;\n}\n#banner-82880787 .ux-shape-divider--bottom svg {\n  height: 150px;\n  --divider-width: 100%;\n}\n<\/style>\n  <\/div>\n\n\n\n  <div class=\"banner has-hover\" id=\"banner-1919217320\">\n          <div class=\"banner-inner fill\">\n        <div class=\"banner-bg fill\" >\n            <div class=\"bg fill bg-fill \"><\/div>\n                                    \n                    <\/div>\n\t\t\n        <div class=\"banner-layers container\">\n            <div class=\"fill banner-link\"><\/div>            \n        <\/div>\n      <\/div>\n\n            \n<style>\n#banner-1919217320 {\n  padding-top: 500px;\n}\n#banner-1919217320 .bg.bg-loaded {\n  background-image: url(https:\/\/www.farmaqua.com\/wp-content\/uploads\/2022\/11\/IMG_7764-1066x800.jpg);\n}\n#banner-1919217320 .ux-shape-divider--top svg {\n  height: 150px;\n  --divider-top-width: 100%;\n}\n#banner-1919217320 .ux-shape-divider--bottom svg {\n  height: 150px;\n  --divider-width: 100%;\n}\n<\/style>\n  <\/div>\n\n\n\n  <div class=\"banner has-hover\" id=\"banner-347842695\">\n          <div class=\"banner-inner fill\">\n        <div class=\"banner-bg fill\" >\n            <div class=\"bg fill bg-fill \"><\/div>\n                                    \n                    <\/div>\n\t\t\n        <div class=\"banner-layers container\">\n            <div class=\"fill banner-link\"><\/div>            \n        <\/div>\n      <\/div>\n\n            \n<style>\n#banner-347842695 {\n  padding-top: 500px;\n}\n#banner-347842695 .bg.bg-loaded {\n  background-image: url(https:\/\/www.farmaqua.com\/wp-content\/uploads\/2022\/11\/9B522C06-DB0E-4ED1-962C-4788BB2793E1-545x800.jpg);\n}\n#banner-347842695 .ux-shape-divider--top svg {\n  height: 150px;\n  --divider-top-width: 100%;\n}\n#banner-347842695 .ux-shape-divider--bottom svg {\n  height: 150px;\n  --divider-width: 100%;\n}\n<\/style>\n  <\/div>\n\n\n     <\/div>\n\n     <div class=\"loading-spin dark large centered\"><\/div>\n\n     \t<\/div>\n\n\n\t\t<\/div>\n\t\t\t\t\t<\/div>\n\n\t\n\n\t<div id=\"col-345701845\" class=\"col medium-7 small-12 large-7\"  data-animate=\"fadeInRight\">\n\t\t\t\t<div class=\"col-inner\"  >\n\t\t\t\n\t\t\t\n\t<div id=\"gap-2145507366\" class=\"gap-element clearfix\" style=\"display:block; height:auto;\">\n\t\t\n<style>\n#gap-2145507366 {\n  padding-top: 50px;\n}\n<\/style>\n\t<\/div>\n\t\n\n  <div class=\"banner has-hover\" id=\"banner-1563027754\">\n          <div class=\"banner-inner fill\">\n        <div class=\"banner-bg fill\" >\n            <div class=\"bg fill bg-fill \"><\/div>\n                        <div class=\"overlay\"><\/div>            \n                    <\/div>\n\t\t\t<div class=\"ux-shape-divider ux-shape-divider--top ux-shape-divider--style-waves-opacity-3\">\n\t\t<svg viewBox=\"0 0 1000 300\" xmlns=\"http:\/\/www.w3.org\/2000\/svg\" preserveAspectRatio=\"none\">\n\t<path class=\"ux-shape-fill\" opacity=\"0.05\" d=\"M1014 264V386H206L34 300C34 300 344.42 277.16 436 221C542 156 590 160 704 209C811 255 899.11 214.94 979 346L1014 264Z\"\/>\n\t<path class=\"ux-shape-fill\" opacity=\"0.1\" d=\"M-302 55C-302 55 -66.73 263.25 50 214C178 160 283 116 353 141C445.68 174.1 534.28 256.19 588 249C692.9 235 764.52 75.94 855 131C940.61 183.09 1000 254 1000 254V328L-306 338L-302 55Z\"\/>\n\t<path class=\"ux-shape-fill\" opacity=\"0.15\" d=\"M-286 255C-286 255 -72 152 52 126C176 100 255 155 436 227C581.57 284.91 614.7 277.79 708 227C787 184 1009 3.0001 1093 164C1146 265.63 1031 293 1031 293L924 377L-288 389L-286 255Z\"\/>\n\t<path class=\"ux-shape-fill\" opacity=\"0.3\" d=\"M-24 69C-24 69 275.68 370.66 389 314C397 310 622 316 673 356C690.47 369.7 845 224 890 182C944.8 130.85 1018 92 1078 143C1154.12 207.7 1196 242 1196 242L1184 374L-28 386L-24 69Z\"\/>\n\t<path class=\"ux-shape-fill\" d=\"M-12 201C-12 201 58 284 182 258C306 232 342.29 221.23 456 264C565 305 640.82 288.36 721 249C776 222 837.5 191.31 935 253C984 284 1030 279 1030 279L1024 430L-12 440V201Z\"\/>\n<\/svg>\n\t<\/div>\n\n        <div class=\"banner-layers container\">\n            <div class=\"fill banner-link\"><\/div>            \n   <div id=\"text-box-184284594\" class=\"text-box banner-layer x50 md-x50 lg-x50 y50 md-y100 lg-y50 res-text\">\n                                <div class=\"text-box-content text dark\">\n              \n              <div class=\"text-inner text-center\">\n                  \n\t<div id=\"text-1917005176\" class=\"text\">\n\t\t\n<h3>\u00a0<\/h3>\n<h3 style=\"text-align: left;\"><span style=\"color: #000080; font-size: 85%;\"><strong>SOBRE NOSOTROS<\/strong><\/span><\/h3>\n<p style=\"text-align: left;\"><span style=\"color: #000000;\"><span style=\"color: #333399;\"><strong>Farm Aqua<\/strong><\/span> es proveedor de equipamiento y servicios para el sector de la acuicultura. Con una amplia experiencia en la industria, tanto en empresas privadas como p\u00fablicas, trabajamos para ser l\u00edderes facilitando las herramientas necesarias y asistencia para desarrollar una acuicultura sostenible.<\/span><\/p>\n<p style=\"text-align: left;\"><span style=\"color: #000000;\">Para aquellos que se preguntan que paso con Nam Sai Farm Equipment, la respuesta es que en la actualidad somos socios y trabajamos para el sello FarmAqua. Comercializamos la mayor\u00eda de productos que Steve vend\u00eda m\u00e1s unos cuantos adicionales. Visite nuestra p\u00e1gina web o cont\u00e1ctenos para cualquier pregunta o sugerencia, esperamos ser de su ayuda.<\/span><\/p>\n\t\t\n<style>\n#text-1917005176 {\n  font-size: 1.04rem;\n  line-height: 1.2;\n}\n<\/style>\n\t<\/div>\n\t\n              <\/div>\n           <\/div>\n                            \n<style>\n#text-box-184284594 {\n  width: 89%;\n}\n#text-box-184284594 .text-box-content {\n  font-size: 100%;\n}\n<\/style>\n    <\/div>\n \n        <\/div>\n      <\/div>\n\n            \n<style>\n#banner-1563027754 {\n  padding-top: 550px;\n}\n#banner-1563027754 .bg.bg-loaded {\n  background-image: url(https:\/\/www.farmaqua.com\/wp-content\/uploads\/2022\/11\/\u0e07\u0e32\u0e19\u0e19\u0e33\u0e40\u0e2a\u0e19\u0e2d1-1.png);\n}\n#banner-1563027754 .overlay {\n  background-color: rgba(120, 199, 174, 0.17);\n}\n#banner-1563027754 .ux-shape-divider--top svg {\n  height: 130px;\n  --divider-top-width: 100%;\n}\n#banner-1563027754 .ux-shape-divider--bottom svg {\n  height: 150px;\n  --divider-width: 100%;\n}\n@media (min-width:550px) {\n  #banner-1563027754 {\n    padding-top: 400px;\n  }\n}\n<\/style>\n  <\/div>\n\n\n\t<div id=\"gap-1759426101\" class=\"gap-element clearfix\" style=\"display:block; height:auto;\">\n\t\t\n<style>\n#gap-1759426101 {\n  padding-top: 30px;\n}\n<\/style>\n\t<\/div>\n\t\n\t\t<\/div>\n\t\t\t\t\n<style>\n#col-345701845 > .col-inner {\n  padding: 0px 0px 0px 0px;\n}\n<\/style>\n\t<\/div>\n\n\t\n<\/div>\n\t\t<\/div>\n\n\t\t\n<style>\n#section_1867098458 {\n  padding-top: 30px;\n  padding-bottom: 30px;\n  background-color: rgb(255, 255, 255);\n}\n#section_1867098458 .ux-shape-divider--top svg {\n  height: 150px;\n  --divider-top-width: 100%;\n}\n#section_1867098458 .ux-shape-divider--bottom svg {\n  height: 150px;\n  --divider-width: 100%;\n}\n<\/style>\n\t<\/section>\n\t\n","protected":false},"excerpt":{"rendered":"","protected":false},"author":1,"featured_media":1376,"parent":0,"menu_order":0,"comment_status":"closed","ping_status":"closed","template":"page-blank.php","meta":{"footnotes":""},"class_list":["post-1374","page","type-page","status-publish","has-post-thumbnail","hentry"],"yoast_head":"<!-- This site is optimized with the Yoast SEO plugin v27.2 - https:\/\/yoast.com\/product\/yoast-seo-wordpress\/ -->\n<title>ABOUT US - baanpramong<\/title>\n<meta name=\"robots\" content=\"index, follow, max-snippet:-1, max-image-preview:large, max-video-preview:-1\" \/>\n<link rel=\"canonical\" href=\"https:\/\/www.farmaqua.com\/about-us\/?lang=es\" \/>\n<meta property=\"og:locale\" content=\"es_ES\" \/>\n<meta property=\"og:type\" content=\"article\" \/>\n<meta property=\"og:title\" content=\"ABOUT US - baanpramong\" \/>\n<meta property=\"og:url\" content=\"https:\/\/www.farmaqua.com\/about-us\/?lang=es\" \/>\n<meta property=\"og:site_name\" content=\"baanpramong\" \/>\n<meta property=\"article:modified_time\" content=\"2022-12-01T07:32:59+00:00\" \/>\n<meta property=\"og:image\" content=\"https:\/\/www.farmaqua.com\/wp-content\/uploads\/2016\/08\/dummy-1.jpg\" \/>\n\t<meta property=\"og:image:width\" content=\"400\" \/>\n\t<meta property=\"og:image:height\" content=\"260\" \/>\n\t<meta property=\"og:image:type\" content=\"image\/jpeg\" \/>\n<meta name=\"twitter:card\" content=\"summary_large_image\" \/>\n<meta name=\"twitter:label1\" content=\"Tiempo de lectura\" \/>\n\t<meta name=\"twitter:data1\" content=\"1 minuto\" \/>\n<script type=\"application\/ld+json\" class=\"yoast-schema-graph\">{\"@context\":\"https:\/\/schema.org\",\"@graph\":[{\"@type\":\"WebPage\",\"@id\":\"https:\/\/www.farmaqua.com\/about-us\/?lang=es\",\"url\":\"https:\/\/www.farmaqua.com\/about-us\/?lang=es\",\"name\":\"ABOUT US - baanpramong\",\"isPartOf\":{\"@id\":\"https:\/\/www.farmaqua.com\/#website\"},\"primaryImageOfPage\":{\"@id\":\"https:\/\/www.farmaqua.com\/about-us\/?lang=es#primaryimage\"},\"image\":{\"@id\":\"https:\/\/www.farmaqua.com\/about-us\/?lang=es#primaryimage\"},\"thumbnailUrl\":\"https:\/\/www.farmaqua.com\/wp-content\/uploads\/2016\/08\/dummy-1.jpg\",\"datePublished\":\"2022-06-28T08:00:09+00:00\",\"dateModified\":\"2022-12-01T07:32:59+00:00\",\"breadcrumb\":{\"@id\":\"https:\/\/www.farmaqua.com\/about-us\/?lang=es#breadcrumb\"},\"inLanguage\":\"es\",\"potentialAction\":[{\"@type\":\"ReadAction\",\"target\":[\"https:\/\/www.farmaqua.com\/about-us\/?lang=es\"]}]},{\"@type\":\"ImageObject\",\"inLanguage\":\"es\",\"@id\":\"https:\/\/www.farmaqua.com\/about-us\/?lang=es#primaryimage\",\"url\":\"https:\/\/www.farmaqua.com\/wp-content\/uploads\/2016\/08\/dummy-1.jpg\",\"contentUrl\":\"https:\/\/www.farmaqua.com\/wp-content\/uploads\/2016\/08\/dummy-1.jpg\",\"width\":400,\"height\":260},{\"@type\":\"BreadcrumbList\",\"@id\":\"https:\/\/www.farmaqua.com\/about-us\/?lang=es#breadcrumb\",\"itemListElement\":[{\"@type\":\"ListItem\",\"position\":1,\"name\":\"Home\",\"item\":\"https:\/\/www.farmaqua.com\/\"},{\"@type\":\"ListItem\",\"position\":2,\"name\":\"ABOUT US\"}]},{\"@type\":\"WebSite\",\"@id\":\"https:\/\/www.farmaqua.com\/#website\",\"url\":\"https:\/\/www.farmaqua.com\/\",\"name\":\"baanpramong\",\"description\":\"\",\"potentialAction\":[{\"@type\":\"SearchAction\",\"target\":{\"@type\":\"EntryPoint\",\"urlTemplate\":\"https:\/\/www.farmaqua.com\/?s={search_term_string}\"},\"query-input\":{\"@type\":\"PropertyValueSpecification\",\"valueRequired\":true,\"valueName\":\"search_term_string\"}}],\"inLanguage\":\"es\"}]}<\/script>\n<!-- \/ Yoast SEO plugin. -->","yoast_head_json":{"title":"ABOUT US - baanpramong","robots":{"index":"index","follow":"follow","max-snippet":"max-snippet:-1","max-image-preview":"max-image-preview:large","max-video-preview":"max-video-preview:-1"},"canonical":"https:\/\/www.farmaqua.com\/about-us\/?lang=es","og_locale":"es_ES","og_type":"article","og_title":"ABOUT US - baanpramong","og_url":"https:\/\/www.farmaqua.com\/about-us\/?lang=es","og_site_name":"baanpramong","article_modified_time":"2022-12-01T07:32:59+00:00","og_image":[{"width":400,"height":260,"url":"https:\/\/www.farmaqua.com\/wp-content\/uploads\/2016\/08\/dummy-1.jpg","type":"image\/jpeg"}],"twitter_card":"summary_large_image","twitter_misc":{"Tiempo de lectura":"1 minuto"},"schema":{"@context":"https:\/\/schema.org","@graph":[{"@type":"WebPage","@id":"https:\/\/www.farmaqua.com\/about-us\/?lang=es","url":"https:\/\/www.farmaqua.com\/about-us\/?lang=es","name":"ABOUT US - baanpramong","isPartOf":{"@id":"https:\/\/www.farmaqua.com\/#website"},"primaryImageOfPage":{"@id":"https:\/\/www.farmaqua.com\/about-us\/?lang=es#primaryimage"},"image":{"@id":"https:\/\/www.farmaqua.com\/about-us\/?lang=es#primaryimage"},"thumbnailUrl":"https:\/\/www.farmaqua.com\/wp-content\/uploads\/2016\/08\/dummy-1.jpg","datePublished":"2022-06-28T08:00:09+00:00","dateModified":"2022-12-01T07:32:59+00:00","breadcrumb":{"@id":"https:\/\/www.farmaqua.com\/about-us\/?lang=es#breadcrumb"},"inLanguage":"es","potentialAction":[{"@type":"ReadAction","target":["https:\/\/www.farmaqua.com\/about-us\/?lang=es"]}]},{"@type":"ImageObject","inLanguage":"es","@id":"https:\/\/www.farmaqua.com\/about-us\/?lang=es#primaryimage","url":"https:\/\/www.farmaqua.com\/wp-content\/uploads\/2016\/08\/dummy-1.jpg","contentUrl":"https:\/\/www.farmaqua.com\/wp-content\/uploads\/2016\/08\/dummy-1.jpg","width":400,"height":260},{"@type":"BreadcrumbList","@id":"https:\/\/www.farmaqua.com\/about-us\/?lang=es#breadcrumb","itemListElement":[{"@type":"ListItem","position":1,"name":"Home","item":"https:\/\/www.farmaqua.com\/"},{"@type":"ListItem","position":2,"name":"ABOUT US"}]},{"@type":"WebSite","@id":"https:\/\/www.farmaqua.com\/#website","url":"https:\/\/www.farmaqua.com\/","name":"baanpramong","description":"","potentialAction":[{"@type":"SearchAction","target":{"@type":"EntryPoint","urlTemplate":"https:\/\/www.farmaqua.com\/?s={search_term_string}"},"query-input":{"@type":"PropertyValueSpecification","valueRequired":true,"valueName":"search_term_string"}}],"inLanguage":"es"}]}},"_links":{"self":[{"href":"https:\/\/www.farmaqua.com\/es\/wp-json\/wp\/v2\/pages\/1374","targetHints":{"allow":["GET"]}}],"collection":[{"href":"https:\/\/www.farmaqua.com\/es\/wp-json\/wp\/v2\/pages"}],"about":[{"href":"https:\/\/www.farmaqua.com\/es\/wp-json\/wp\/v2\/types\/page"}],"author":[{"embeddable":true,"href":"https:\/\/www.farmaqua.com\/es\/wp-json\/wp\/v2\/users\/1"}],"replies":[{"embeddable":true,"href":"https:\/\/www.farmaqua.com\/es\/wp-json\/wp\/v2\/comments?post=1374"}],"version-history":[{"count":0,"href":"https:\/\/www.farmaqua.com\/es\/wp-json\/wp\/v2\/pages\/1374\/revisions"}],"wp:featuredmedia":[{"embeddable":true,"href":"https:\/\/www.farmaqua.com\/es\/wp-json\/wp\/v2\/media\/1376"}],"wp:attachment":[{"href":"https:\/\/www.farmaqua.com\/es\/wp-json\/wp\/v2\/media?parent=1374"}],"curies":[{"name":"wp","href":"https:\/\/api.w.org\/{rel}","templated":true}]}}