{"id":1381,"date":"2022-06-28T08:04:32","date_gmt":"2022-06-28T08:04:32","guid":{"rendered":"http:\/\/farmaqua.com\/?page_id=1381"},"modified":"2022-09-22T04:38:30","modified_gmt":"2022-09-22T04:38:30","slug":"service","status":"publish","type":"page","link":"https:\/\/www.farmaqua.com\/es\/service\/","title":{"rendered":"Service"},"content":{"rendered":"\t<div id=\"gap-1765910584\" class=\"gap-element clearfix\" style=\"display:block; height:auto;\">\n\t\t\n<style>\n#gap-1765910584 {\n  padding-top: 30px;\n}\n<\/style>\n\t<\/div>\n\t\n<div class=\"row\"  id=\"row-1023931809\">\n\n\t<div id=\"col-1432338069\" class=\"col small-12 large-12\"  >\n\t\t\t\t<div class=\"col-inner\"  >\n\t\t\t\n\t\t\t\n<h3><span style=\"color: #003366;\"><strong>FarmAqua ofrece los siguientes servicios     <\/strong><\/span><\/h3>\n<div class=\"is-divider divider clearfix\" style=\"max-width:100%;height:1px;\"><\/div>\n<p><strong>SERVICIOS <\/strong><\/p>\n<ul>\n<li>Consultor\u00eda\u00a0\u00a0\u00a0\u00a0\u00a0<\/li>\n<li>Formaci\u00f3n\u00a0\u00a0\u00a0\u00a0<\/li>\n<li>Visitas t\u00e9cnicas o de estudio<\/li>\n<\/ul>\n\t\t<\/div>\n\t\t\t\t\n<style>\n#col-1432338069 > .col-inner {\n  padding: 15px 0px 0px 0px;\n  margin: 0px 0px 0px 25px;\n}\n<\/style>\n\t<\/div>\n\n\t\n<\/div>\n\t<section class=\"section info-cards-chess-box\" id=\"section_801193267\">\n\t\t<div class=\"bg section-bg fill bg-fill  bg-loaded\" >\n\n\t\t\t\n\t\t\t\n\t\t\t\n\n\t\t<\/div>\n\n\t\t\n\n\t\t<div class=\"section-content relative\">\n\t\t\t\n<div class=\"row row-collapse align-equal\"  id=\"row-1182049916\">\n\n\t<div id=\"col-795106264\" class=\"col medium-6 small-12 large-6\"  >\n\t\t\t\t<div class=\"col-inner\"  >\n\t\t\t\n\t\t\t\n<a data-animate=\"fadeInRight\" class=\"button primary is-underline is-large\"  >\n  <i class=\"icon-plus\" aria-hidden=\"true\" ><\/i>  <span>Consultor\u00eda<\/span>\n  <\/a>\n\n\t<div class=\"img has-hover x md-x lg-x y md-y lg-y\" id=\"image_2019336939\">\n\t\t\t\t\t\t<div data-animate=\"fadeInRight\">\t\t<div class=\"img-inner dark\" >\n\t\t\t<img decoding=\"async\" width=\"310\" height=\"180\" src=\"https:\/\/www.farmaqua.com\/wp-content\/uploads\/2021\/07\/Consultancy.jpg\" class=\"attachment-original size-original\" alt=\"\" srcset=\"https:\/\/www.farmaqua.com\/wp-content\/uploads\/2021\/07\/Consultancy.jpg 310w, https:\/\/www.farmaqua.com\/wp-content\/uploads\/2021\/07\/Consultancy-300x174.jpg 300w\" sizes=\"(max-width: 310px) 100vw, 310px\" \/>\t\t\t\t\t\t\n\t\t\t\t\t<\/div>\n\t\t<\/div>\t\t\t\t\t\t\n<style>\n#image_2019336939 {\n  width: 100%;\n}\n<\/style>\n\t<\/div>\n\t\n\t\t<\/div>\n\t\t\t\t\t<\/div>\n\n\t\n\n\t<div id=\"col-981917426\" class=\"col medium-6 small-12 large-6\"  >\n\t\t\t\t<div class=\"col-inner\"  >\n\t\t\t\n\t\t\t\n<div class=\"row align-center\"  id=\"row-876671944\">\n\n\t<div id=\"col-364557924\" class=\"col medium-10 small-10 large-11\"  data-animate=\"fadeInRight\">\n\t\t\t\t<div class=\"col-inner\"  >\n\t\t\t\n\t\t\t\n\t<div id=\"text-1569522980\" class=\"text\">\n\t\t\n<p>Desde el desarrollo conceptual hasta la selecci\u00f3n del emplazamiento, an\u00e1lisis del estado el arte, estudio de mercado, estudios de viabilidad, planificaci\u00f3n y dise\u00f1o de las piscifactor\u00eda u otras instalaciones, supervisi\u00f3n de la construcci\u00f3n, valoraci\u00f3n de las necesidades de formaci\u00f3n, valoraci\u00f3n de la organizaci\u00f3n, debida diligencia, obtenci\u00f3n e instalaci\u00f3n de equipamiento y stocks hasta el planeamiento estrat\u00e9gico en la gesti\u00f3n del proyecto, nos encargamos de todas las necesidades que exige el desarrollo de su sistema de producci\u00f3n.<\/p>\n\t\t\n<style>\n#text-1569522980 {\n  font-size: 1rem;\n}\n<\/style>\n\t<\/div>\n\t\n\t\t<\/div>\n\t\t\t\t\t<\/div>\n\n\t\n<\/div>\n\t\t<\/div>\n\t\t\t\t\t<\/div>\n\n\t\n<\/div>\n<div class=\"row\"  id=\"row-785831339\">\n\n\t<div id=\"col-2128022420\" class=\"col small-12 large-12\"  data-animate=\"fadeInRight\">\n\t\t\t\t<div class=\"col-inner\"  >\n\t\t\t\n\t\t\t\n<p><strong>Nuestros empleados y asociados tienen experiencia en muchos aspectos de la acuicultura, en especial somos expertos en las siguientes \u00e1reas:\u00a0 <\/strong><\/p>\n<ul>\n<li>\n<p>Gesti\u00f3n sanitaria y diagn\u00f3stico de enfermedades, mejora del sistema para la prevenci\u00f3n y control de las patolog\u00edas, observaci\u00f3n de las condiciones de la enfermedad.<\/p>\n<\/li>\n<li>\n<p>Investigaci\u00f3n b\u00e1sica y aplicada para la salud, nutrici\u00f3n e ingenier\u00eda comercial acu\u00edcola. Si tiene un producto que quiere probar en laboratorio o en el campo, le podemos ayudar.\u00a0<\/p>\n<\/li>\n<li>\n<p>Extensiva experiencia en proyectos y programas de acuicultura para el desarrollo social. Facilitamos dise\u00f1o, monitorizaci\u00f3n y evaluaci\u00f3n de proyectos.\u00a0<\/p>\n<\/li>\n<li>\n<p>Enfoque ecosist\u00e9mico a la planificaci\u00f3n y gesti\u00f3n de la acuicultura.\u00a0\u00a0\u00a0\u00a0<\/p>\n<\/li>\n<li>\n<p><span style=\"color: #333333; font-size: 14.4px;\">Sistemas integrados para acuicultura\/agricultura, acuapon\u00eda y gesti\u00f3n de vertidos acu\u00edcolas.<\/span><\/p>\n<\/li>\n<\/ul>\n\t\t<\/div>\n\t\t\t\t\t<\/div>\n\n\t\n<\/div>\n\t\t<\/div>\n\n\t\t\n<style>\n#section_801193267 {\n  padding-top: 0px;\n  padding-bottom: 0px;\n}\n#section_801193267 .ux-shape-divider--top svg {\n  height: 150px;\n  --divider-top-width: 100%;\n}\n#section_801193267 .ux-shape-divider--bottom svg {\n  height: 150px;\n  --divider-width: 100%;\n}\n<\/style>\n\t<\/section>\n\t\n\t<section class=\"section info-cards-chess-box\" id=\"section_2121776629\">\n\t\t<div class=\"bg section-bg fill bg-fill  bg-loaded\" >\n\n\t\t\t\n\t\t\t\n\t\t\t\n\n\t\t<\/div>\n\n\t\t\n\n\t\t<div class=\"section-content relative\">\n\t\t\t\n<div class=\"row row-collapse align-middle\"  id=\"row-1291297870\">\n\n\t<div id=\"col-1384044929\" class=\"col medium-6 small-12 large-6\"  data-animate=\"fadeInRight\">\n\t\t\t\t<div class=\"col-inner\"  >\n\t\t\t\n\t\t\t\n<a class=\"button primary is-underline is-large\"  >\n  <i class=\"icon-plus\" aria-hidden=\"true\" ><\/i>  <span>Formaci\u00f3n<\/span>\n  <\/a>\n\n\t<div class=\"img has-hover x md-x lg-x y md-y lg-y\" id=\"image_815344987\">\n\t\t\t\t\t\t\t\t<div class=\"img-inner dark\" >\n\t\t\t<img decoding=\"async\" width=\"310\" height=\"180\" src=\"https:\/\/www.farmaqua.com\/wp-content\/uploads\/2021\/07\/Training1.jpg\" class=\"attachment-original size-original\" alt=\"\" srcset=\"https:\/\/www.farmaqua.com\/wp-content\/uploads\/2021\/07\/Training1.jpg 310w, https:\/\/www.farmaqua.com\/wp-content\/uploads\/2021\/07\/Training1-300x174.jpg 300w\" sizes=\"(max-width: 310px) 100vw, 310px\" \/>\t\t\t\t\t\t\n\t\t\t\t\t<\/div>\n\t\t\t\t\t\t\t\t\n<style>\n#image_815344987 {\n  width: 100%;\n}\n<\/style>\n\t<\/div>\n\t\n\t\t<\/div>\n\t\t\t\t\t<\/div>\n\n\t\n\n\t<div id=\"col-1534449260\" class=\"col medium-6 small-12 large-6\"  >\n\t\t\t\t<div class=\"col-inner\"  >\n\t\t\t\n\t\t\t\n<div class=\"row align-center\"  id=\"row-685559331\">\n\n\t<div id=\"col-1170358902\" class=\"col medium-10 small-10 large-11\"  >\n\t\t\t\t<div class=\"col-inner\"  >\n\t\t\t\n\t\t\t\n\t<div class=\"img has-hover x md-x lg-x y md-y lg-y\" id=\"image_395710106\">\n\t\t\t\t\t\t<div data-animate=\"fadeInRight\">\t\t<div class=\"img-inner dark\" >\n\t\t\t<img decoding=\"async\" width=\"310\" height=\"180\" src=\"https:\/\/www.farmaqua.com\/wp-content\/uploads\/2021\/07\/Training2.jpg\" class=\"attachment-original size-original\" alt=\"\" srcset=\"https:\/\/www.farmaqua.com\/wp-content\/uploads\/2021\/07\/Training2.jpg 310w, https:\/\/www.farmaqua.com\/wp-content\/uploads\/2021\/07\/Training2-300x174.jpg 300w\" sizes=\"(max-width: 310px) 100vw, 310px\" \/>\t\t\t\t\t\t\n\t\t\t\t\t<\/div>\n\t\t<\/div>\t\t\t\t\t\t\n<style>\n#image_395710106 {\n  width: 100%;\n}\n<\/style>\n\t<\/div>\n\t\n\t\t<\/div>\n\t\t\t\t\t<\/div>\n\n\t\n<\/div>\n\t\t<\/div>\n\t\t\t\t\n<style>\n#col-1534449260 > .col-inner {\n  padding: 10% 0px 0px 0px;\n}\n<\/style>\n\t<\/div>\n\n\t\n<\/div>\n<div class=\"row\"  id=\"row-476575640\">\n\n\t<div id=\"col-1078450074\" class=\"col small-12 large-12\"  data-animate=\"fadeInRight\">\n\t\t\t\t<div class=\"col-inner\"  >\n\t\t\t\n\t\t\t\n<p>Nuestra formaci\u00f3n pr\u00e1ctica abarca un amplio rango de actividades de acuicultura tropical. Evidentemente nuestra especialidad es la producci\u00f3n de alevines de tilapia, aunque tambi\u00e9n organizamos cursos orientados a la producci\u00f3n de peces, moluscos y camar\u00f3n adaptados a las necesidades espec\u00edficas de formaci\u00f3n de su organizaci\u00f3n.<\/p>\n<p>Nuestro enfoque se basa en el concepto de \u2018acci\u00f3n-teor\u00eda del aprendizaje\u2019 tambi\u00e9n conocido como \u2018aprender con la pr\u00e1ctica\u2019. Mediante este m\u00e9todo trabajamos con participantes combinando teor\u00eda y pr\u00e1ctica en un ciclo de experiencia y reflexi\u00f3n cr\u00edtica para adquirir conocimientos. Adem\u00e1s de ser un sistema de aprendizaje, nuestro m\u00e9todo coinciencia sobre los sistemas de aprendizaje, tales como mantenimiento de registros y an\u00e1lisis, como una parte integral de la gesti\u00f3n que asegura que los participantes tendr\u00e1n el conocimiento, motivaci\u00f3n y capacidad de continuar estudiando sobre su propio sistema. Este enfoque funciona para participantes con cualquier nivel de experiencia y educaci\u00f3n.\u00a0\u00a0<\/p>\n\t\t<\/div>\n\t\t\t\t\t<\/div>\n\n\t\n<\/div>\n\t\t<\/div>\n\n\t\t\n<style>\n#section_2121776629 {\n  padding-top: 0px;\n  padding-bottom: 0px;\n}\n#section_2121776629 .ux-shape-divider--top svg {\n  height: 150px;\n  --divider-top-width: 100%;\n}\n#section_2121776629 .ux-shape-divider--bottom svg {\n  height: 150px;\n  --divider-width: 100%;\n}\n<\/style>\n\t<\/section>\n\t\n\t<section class=\"section info-cards-chess-box\" id=\"section_1661421389\">\n\t\t<div class=\"bg section-bg fill bg-fill  bg-loaded\" >\n\n\t\t\t\n\t\t\t\n\t\t\t\n\n\t\t<\/div>\n\n\t\t\n\n\t\t<div class=\"section-content relative\">\n\t\t\t\n<div class=\"row row-collapse align-middle\"  id=\"row-921094913\">\n\n\t<div id=\"col-1269139749\" class=\"col medium-6 small-12 large-6\"  >\n\t\t\t\t<div class=\"col-inner\"  >\n\t\t\t\n\t\t\t\n<a class=\"button primary is-underline is-large\"  >\n  <i class=\"icon-plus\" aria-hidden=\"true\" ><\/i>  <span>Visitas t\u00e9cnicas o de estudio<\/span>\n  <\/a>\n\n\t<div class=\"img has-hover x md-x lg-x y md-y lg-y\" id=\"image_499327562\">\n\t\t\t\t\t\t<div data-animate=\"fadeInRight\">\t\t<div class=\"img-inner dark\" >\n\t\t\t<img decoding=\"async\" width=\"310\" height=\"180\" src=\"https:\/\/www.farmaqua.com\/wp-content\/uploads\/2021\/07\/Study-Tours1.jpg\" class=\"attachment-large size-large\" alt=\"\" srcset=\"https:\/\/www.farmaqua.com\/wp-content\/uploads\/2021\/07\/Study-Tours1.jpg 310w, https:\/\/www.farmaqua.com\/wp-content\/uploads\/2021\/07\/Study-Tours1-300x174.jpg 300w\" sizes=\"(max-width: 310px) 100vw, 310px\" \/>\t\t\t\t\t\t\n\t\t\t\t\t<\/div>\n\t\t<\/div>\t\t\t\t\t\t\n<style>\n#image_499327562 {\n  width: 100%;\n}\n<\/style>\n\t<\/div>\n\t\n\t\t<\/div>\n\t\t\t\t\t<\/div>\n\n\t\n\n\t<div id=\"col-289089612\" class=\"col medium-6 small-12 large-6\"  >\n\t\t\t\t<div class=\"col-inner\"  >\n\t\t\t\n\t\t\t\n<div class=\"row align-center\"  id=\"row-357570779\">\n\n\t<div id=\"col-1027342211\" class=\"col medium-10 small-10 large-11\"  >\n\t\t\t\t<div class=\"col-inner\"  >\n\t\t\t\n\t\t\t\n\t<div class=\"img has-hover x md-x lg-x y md-y lg-y\" id=\"image_765692476\">\n\t\t\t\t\t\t<div data-animate=\"fadeInRight\">\t\t<div class=\"img-inner dark\" >\n\t\t\t<img decoding=\"async\" width=\"310\" height=\"180\" src=\"https:\/\/www.farmaqua.com\/wp-content\/uploads\/2021\/07\/Study-Tours2.jpg\" class=\"attachment-original size-original\" alt=\"\" srcset=\"https:\/\/www.farmaqua.com\/wp-content\/uploads\/2021\/07\/Study-Tours2.jpg 310w, https:\/\/www.farmaqua.com\/wp-content\/uploads\/2021\/07\/Study-Tours2-300x174.jpg 300w\" sizes=\"(max-width: 310px) 100vw, 310px\" \/>\t\t\t\t\t\t\n\t\t\t\t\t<\/div>\n\t\t<\/div>\t\t\t\t\t\t\n<style>\n#image_765692476 {\n  width: 100%;\n}\n<\/style>\n\t<\/div>\n\t\n\t\t<\/div>\n\t\t\t\t\t<\/div>\n\n\t\n<\/div>\n\t\t<\/div>\n\t\t\t\t\n<style>\n#col-289089612 > .col-inner {\n  padding: 10% 0px 0px 0px;\n}\n<\/style>\n\t<\/div>\n\n\t\n<\/div>\n<div class=\"row\"  id=\"row-777104374\">\n\n\t<div id=\"col-1876553408\" class=\"col small-12 large-12\"  data-animate=\"fadeInRight\">\n\t\t\t\t<div class=\"col-inner\"  >\n\t\t\t\n\t\t\t\n<p>En Tailandia y pa\u00edses vecinos existe una gran diversidad de sistemas de producci\u00f3n acu\u00edcola gestionados en niveles de subsistencia\/extensivos y hasta niveles superintensivos. Estos sistemas son un ambiente de aprendizaje idoneo para participantes de grupos bien organizados y gestionados. Una interacci\u00f3n bien organizada en operaciones de producci\u00f3n comercial en campo o hasta en la oficina, laboratorio o planta de producci\u00f3n permiten ampliar horizontes y mejorar la comprensi\u00f3n.<\/p>\n<p>Las visitas se pueden organizar como parte de un curso de formaci\u00f3n o como actividad independiente para grupos de productores, comerciales o profesionales del marketing, desarrolladores de productos, investigadores, funcionarios, acad\u00e9micos, profesionales de organizaciones no guvernamentales (ONG) o periodistas.\u00a0\u00a0<\/p>\n\t\t<\/div>\n\t\t\t\t\t<\/div>\n\n\t\n<\/div>\n\t\t<\/div>\n\n\t\t\n<style>\n#section_1661421389 {\n  padding-top: 0px;\n  padding-bottom: 0px;\n}\n#section_1661421389 .ux-shape-divider--top svg {\n  height: 150px;\n  --divider-top-width: 100%;\n}\n#section_1661421389 .ux-shape-divider--bottom svg {\n  height: 150px;\n  --divider-width: 100%;\n}\n<\/style>\n\t<\/section>\n\t\n","protected":false},"excerpt":{"rendered":"","protected":false},"author":1,"featured_media":1376,"parent":0,"menu_order":10,"comment_status":"closed","ping_status":"closed","template":"page-blank.php","meta":{"footnotes":""},"class_list":["post-1381","page","type-page","status-publish","has-post-thumbnail","hentry"],"yoast_head":"<!-- This site is optimized with the Yoast SEO plugin v27.2 - https:\/\/yoast.com\/product\/yoast-seo-wordpress\/ -->\n<title>Service - baanpramong<\/title>\n<meta name=\"robots\" content=\"index, follow, max-snippet:-1, max-image-preview:large, max-video-preview:-1\" \/>\n<link rel=\"canonical\" href=\"https:\/\/www.farmaqua.com\/service\/?lang=es\" \/>\n<meta property=\"og:locale\" content=\"es_ES\" \/>\n<meta property=\"og:type\" content=\"article\" \/>\n<meta property=\"og:title\" content=\"Service - baanpramong\" \/>\n<meta property=\"og:url\" content=\"https:\/\/www.farmaqua.com\/service\/?lang=es\" \/>\n<meta property=\"og:site_name\" content=\"baanpramong\" \/>\n<meta property=\"article:modified_time\" content=\"2022-09-22T04:38:30+00:00\" \/>\n<meta property=\"og:image\" content=\"https:\/\/www.farmaqua.com\/wp-content\/uploads\/2016\/08\/dummy-1.jpg\" \/>\n\t<meta property=\"og:image:width\" content=\"400\" \/>\n\t<meta property=\"og:image:height\" content=\"260\" \/>\n\t<meta property=\"og:image:type\" content=\"image\/jpeg\" \/>\n<meta name=\"twitter:card\" content=\"summary_large_image\" \/>\n<meta name=\"twitter:label1\" content=\"Tiempo de lectura\" \/>\n\t<meta name=\"twitter:data1\" content=\"4 minutos\" \/>\n<script type=\"application\/ld+json\" class=\"yoast-schema-graph\">{\"@context\":\"https:\/\/schema.org\",\"@graph\":[{\"@type\":\"WebPage\",\"@id\":\"https:\/\/www.farmaqua.com\/service\/?lang=es\",\"url\":\"https:\/\/www.farmaqua.com\/service\/?lang=es\",\"name\":\"Service - baanpramong\",\"isPartOf\":{\"@id\":\"https:\/\/www.farmaqua.com\/#website\"},\"primaryImageOfPage\":{\"@id\":\"https:\/\/www.farmaqua.com\/service\/?lang=es#primaryimage\"},\"image\":{\"@id\":\"https:\/\/www.farmaqua.com\/service\/?lang=es#primaryimage\"},\"thumbnailUrl\":\"https:\/\/www.farmaqua.com\/wp-content\/uploads\/2016\/08\/dummy-1.jpg\",\"datePublished\":\"2022-06-28T08:04:32+00:00\",\"dateModified\":\"2022-09-22T04:38:30+00:00\",\"breadcrumb\":{\"@id\":\"https:\/\/www.farmaqua.com\/service\/?lang=es#breadcrumb\"},\"inLanguage\":\"es\",\"potentialAction\":[{\"@type\":\"ReadAction\",\"target\":[\"https:\/\/www.farmaqua.com\/service\/?lang=es\"]}]},{\"@type\":\"ImageObject\",\"inLanguage\":\"es\",\"@id\":\"https:\/\/www.farmaqua.com\/service\/?lang=es#primaryimage\",\"url\":\"https:\/\/www.farmaqua.com\/wp-content\/uploads\/2016\/08\/dummy-1.jpg\",\"contentUrl\":\"https:\/\/www.farmaqua.com\/wp-content\/uploads\/2016\/08\/dummy-1.jpg\",\"width\":400,\"height\":260},{\"@type\":\"BreadcrumbList\",\"@id\":\"https:\/\/www.farmaqua.com\/service\/?lang=es#breadcrumb\",\"itemListElement\":[{\"@type\":\"ListItem\",\"position\":1,\"name\":\"Home\",\"item\":\"https:\/\/www.farmaqua.com\/\"},{\"@type\":\"ListItem\",\"position\":2,\"name\":\"Service\"}]},{\"@type\":\"WebSite\",\"@id\":\"https:\/\/www.farmaqua.com\/#website\",\"url\":\"https:\/\/www.farmaqua.com\/\",\"name\":\"baanpramong\",\"description\":\"\",\"potentialAction\":[{\"@type\":\"SearchAction\",\"target\":{\"@type\":\"EntryPoint\",\"urlTemplate\":\"https:\/\/www.farmaqua.com\/?s={search_term_string}\"},\"query-input\":{\"@type\":\"PropertyValueSpecification\",\"valueRequired\":true,\"valueName\":\"search_term_string\"}}],\"inLanguage\":\"es\"}]}<\/script>\n<!-- \/ Yoast SEO plugin. -->","yoast_head_json":{"title":"Service - baanpramong","robots":{"index":"index","follow":"follow","max-snippet":"max-snippet:-1","max-image-preview":"max-image-preview:large","max-video-preview":"max-video-preview:-1"},"canonical":"https:\/\/www.farmaqua.com\/service\/?lang=es","og_locale":"es_ES","og_type":"article","og_title":"Service - baanpramong","og_url":"https:\/\/www.farmaqua.com\/service\/?lang=es","og_site_name":"baanpramong","article_modified_time":"2022-09-22T04:38:30+00:00","og_image":[{"width":400,"height":260,"url":"https:\/\/www.farmaqua.com\/wp-content\/uploads\/2016\/08\/dummy-1.jpg","type":"image\/jpeg"}],"twitter_card":"summary_large_image","twitter_misc":{"Tiempo de lectura":"4 minutos"},"schema":{"@context":"https:\/\/schema.org","@graph":[{"@type":"WebPage","@id":"https:\/\/www.farmaqua.com\/service\/?lang=es","url":"https:\/\/www.farmaqua.com\/service\/?lang=es","name":"Service - baanpramong","isPartOf":{"@id":"https:\/\/www.farmaqua.com\/#website"},"primaryImageOfPage":{"@id":"https:\/\/www.farmaqua.com\/service\/?lang=es#primaryimage"},"image":{"@id":"https:\/\/www.farmaqua.com\/service\/?lang=es#primaryimage"},"thumbnailUrl":"https:\/\/www.farmaqua.com\/wp-content\/uploads\/2016\/08\/dummy-1.jpg","datePublished":"2022-06-28T08:04:32+00:00","dateModified":"2022-09-22T04:38:30+00:00","breadcrumb":{"@id":"https:\/\/www.farmaqua.com\/service\/?lang=es#breadcrumb"},"inLanguage":"es","potentialAction":[{"@type":"ReadAction","target":["https:\/\/www.farmaqua.com\/service\/?lang=es"]}]},{"@type":"ImageObject","inLanguage":"es","@id":"https:\/\/www.farmaqua.com\/service\/?lang=es#primaryimage","url":"https:\/\/www.farmaqua.com\/wp-content\/uploads\/2016\/08\/dummy-1.jpg","contentUrl":"https:\/\/www.farmaqua.com\/wp-content\/uploads\/2016\/08\/dummy-1.jpg","width":400,"height":260},{"@type":"BreadcrumbList","@id":"https:\/\/www.farmaqua.com\/service\/?lang=es#breadcrumb","itemListElement":[{"@type":"ListItem","position":1,"name":"Home","item":"https:\/\/www.farmaqua.com\/"},{"@type":"ListItem","position":2,"name":"Service"}]},{"@type":"WebSite","@id":"https:\/\/www.farmaqua.com\/#website","url":"https:\/\/www.farmaqua.com\/","name":"baanpramong","description":"","potentialAction":[{"@type":"SearchAction","target":{"@type":"EntryPoint","urlTemplate":"https:\/\/www.farmaqua.com\/?s={search_term_string}"},"query-input":{"@type":"PropertyValueSpecification","valueRequired":true,"valueName":"search_term_string"}}],"inLanguage":"es"}]}},"_links":{"self":[{"href":"https:\/\/www.farmaqua.com\/es\/wp-json\/wp\/v2\/pages\/1381","targetHints":{"allow":["GET"]}}],"collection":[{"href":"https:\/\/www.farmaqua.com\/es\/wp-json\/wp\/v2\/pages"}],"about":[{"href":"https:\/\/www.farmaqua.com\/es\/wp-json\/wp\/v2\/types\/page"}],"author":[{"embeddable":true,"href":"https:\/\/www.farmaqua.com\/es\/wp-json\/wp\/v2\/users\/1"}],"replies":[{"embeddable":true,"href":"https:\/\/www.farmaqua.com\/es\/wp-json\/wp\/v2\/comments?post=1381"}],"version-history":[{"count":0,"href":"https:\/\/www.farmaqua.com\/es\/wp-json\/wp\/v2\/pages\/1381\/revisions"}],"wp:featuredmedia":[{"embeddable":true,"href":"https:\/\/www.farmaqua.com\/es\/wp-json\/wp\/v2\/media\/1376"}],"wp:attachment":[{"href":"https:\/\/www.farmaqua.com\/es\/wp-json\/wp\/v2\/media?parent=1381"}],"curies":[{"name":"wp","href":"https:\/\/api.w.org\/{rel}","templated":true}]}}