{"id":1407,"date":"2022-06-28T08:25:23","date_gmt":"2022-06-28T08:25:23","guid":{"rendered":"http:\/\/farmaqua.com\/?page_id=1407"},"modified":"2022-12-12T06:40:22","modified_gmt":"2022-12-12T06:40:22","slug":"news-events","status":"publish","type":"page","link":"https:\/\/www.farmaqua.com\/es\/news-events\/","title":{"rendered":"News &#038; Events"},"content":{"rendered":"<div class=\"row\"  id=\"row-309536733\">\n\n\t<div id=\"col-1824759897\" class=\"col small-10 large-12\"  >\n\t\t\t\t<div class=\"col-inner text-center\"  >\n\t\t\t\n\t\t\t\n\t<div id=\"gap-1965049515\" class=\"gap-element clearfix\" style=\"display:block; height:auto;\">\n\t\t\n<style>\n#gap-1965049515 {\n  padding-top: 30px;\n}\n<\/style>\n\t<\/div>\n\t\n<div class=\"container section-title-container\" ><h3 class=\"section-title section-title-normal\"><b><\/b><span class=\"section-title-main\" style=\"color:rgb(7, 45, 129);\"><i class=\"icon-angle-down\" ><\/i>NOTICIAS<\/span><b><\/b><\/h3><\/div>\n<div class=\"pt-cv-wrapper\"><div class=\"pt-cv-view pt-cv-pinterest pt-cv-colsys pt-cv-shadow pt-cv-bb pt-cv-left\" id=\"pt-cv-view-656d652f97\"><div data-id=\"pt-cv-page-1\" class=\"pt-cv-page\" data-cvc=\"1\"><div class=\"col-md-12 col-sm-12 col-xs-12 pt-cv-content-item pt-cv-2-col\"  data-pid=\"2566\"><div class='pt-cv-pinmas'><a href=\"https:\/\/www.farmaqua.com\/es\/18th-july-2020-the-customer-visited-our-company\/\" class=\"_self pt-cv-href-thumbnail pt-cv-thumb-left cvplbd\" target=\"_self\" ><img decoding=\"async\" width=\"280\" height=\"280\" src=\"https:\/\/www.farmaqua.com\/wp-content\/uploads\/2021\/07\/Untitled-56-280x280.jpg\" class=\"pt-cv-thumbnail img-none pull-left skip-lazy \" alt=\"18th July 2020, The customer visited our company.\" data-no-lazy=\"1\" \/><\/a>\n<h3 class=\"pt-cv-title\"><a href=\"https:\/\/www.farmaqua.com\/es\/18th-july-2020-the-customer-visited-our-company\/\" class=\"_self cvplbd\" target=\"_self\" >18th July 2020, The customer visited our company.<\/a><\/h3>\n<div class=\"pt-cv-content\"><br \/><div class=\"pt-cv-rmwrap\"><a href=\"https:\/\/www.farmaqua.com\/es\/18th-july-2020-the-customer-visited-our-company\/\" class=\"_self pt-cv-readmore btn btn-success cvplbd\" target=\"_self\">Leer m\u00e1s<\/a><\/div><\/div><\/div><\/div>\n<div class=\"col-md-12 col-sm-12 col-xs-12 pt-cv-content-item pt-cv-2-col\"  data-pid=\"1578\"><div class='pt-cv-pinmas'><a href=\"https:\/\/www.farmaqua.com\/es\/2nd-4th-april-2015-tilapia-2015-kuala-lumpurmalaysia\/\" class=\"_self pt-cv-href-thumbnail pt-cv-thumb-left cvplbd\" target=\"_self\" ><img decoding=\"async\" width=\"280\" height=\"280\" src=\"https:\/\/www.farmaqua.com\/wp-content\/uploads\/2022\/06\/1-2-280x280.jpg\" class=\"pt-cv-thumbnail img-none pull-left skip-lazy \" alt=\"2nd-4th April 2015 Tilapia 2015 Kuala Lumpur,Malaysia\" data-no-lazy=\"1\" \/><\/a>\n<h3 class=\"pt-cv-title\"><a href=\"https:\/\/www.farmaqua.com\/es\/2nd-4th-april-2015-tilapia-2015-kuala-lumpurmalaysia\/\" class=\"_self cvplbd\" target=\"_self\" >2nd-4th April 2015 Tilapia 2015 Kuala Lumpur,Malaysia<\/a><\/h3>\n<div class=\"pt-cv-content\">\u00a0<br \/><div class=\"pt-cv-rmwrap\"><a href=\"https:\/\/www.farmaqua.com\/es\/2nd-4th-april-2015-tilapia-2015-kuala-lumpurmalaysia\/\" class=\"_self pt-cv-readmore btn btn-success cvplbd\" target=\"_self\">Leer m\u00e1s<\/a><\/div><\/div><\/div><\/div>\n<div class=\"col-md-12 col-sm-12 col-xs-12 pt-cv-content-item pt-cv-2-col\"  data-pid=\"1629\"><div class='pt-cv-pinmas'><a href=\"https:\/\/www.farmaqua.com\/es\/26th-27th-march-2015-ioc-smart-fish-trade-event-2015-entebbeuganda\/\" class=\"_self pt-cv-href-thumbnail pt-cv-thumb-left cvplbd\" target=\"_self\" ><img decoding=\"async\" width=\"280\" height=\"280\" src=\"https:\/\/www.farmaqua.com\/wp-content\/uploads\/2021\/07\/05-4-280x280.jpg\" class=\"pt-cv-thumbnail img-none pull-left skip-lazy \" alt=\"26th-27th March 2015 IOC- Smart Fish Trade Event 2015 Entebbe,Uganda\" data-no-lazy=\"1\" \/><\/a>\n<h3 class=\"pt-cv-title\"><a href=\"https:\/\/www.farmaqua.com\/es\/26th-27th-march-2015-ioc-smart-fish-trade-event-2015-entebbeuganda\/\" class=\"_self cvplbd\" target=\"_self\" >26th-27th March 2015 IOC- Smart Fish Trade Event 2015 Entebbe,Uganda<\/a><\/h3>\n<div class=\"pt-cv-content\"><br \/><div class=\"pt-cv-rmwrap\"><a href=\"https:\/\/www.farmaqua.com\/es\/26th-27th-march-2015-ioc-smart-fish-trade-event-2015-entebbeuganda\/\" class=\"_self pt-cv-readmore btn btn-success cvplbd\" target=\"_self\">Leer m\u00e1s<\/a><\/div><\/div><\/div><\/div>\n<div class=\"col-md-12 col-sm-12 col-xs-12 pt-cv-content-item pt-cv-2-col\"  data-pid=\"1644\"><div class='pt-cv-pinmas'><a href=\"https:\/\/www.farmaqua.com\/es\/march-2013-thai-tilapia-hapas-for-uvi-aquaponic\/\" class=\"_self pt-cv-href-thumbnail pt-cv-thumb-left cvplbd\" target=\"_self\" ><img decoding=\"async\" width=\"280\" height=\"280\" src=\"https:\/\/www.farmaqua.com\/wp-content\/uploads\/2021\/07\/news14-280x280.jpg\" class=\"pt-cv-thumbnail img-none pull-left skip-lazy \" alt=\"March 2013 Hapas tailandesas para las tilapias de UVI Aquaponic\" data-no-lazy=\"1\" \/><\/a>\n<h3 class=\"pt-cv-title\"><a href=\"https:\/\/www.farmaqua.com\/es\/march-2013-thai-tilapia-hapas-for-uvi-aquaponic\/\" class=\"_self cvplbd\" target=\"_self\" >March 2013 Hapas tailandesas para las tilapias de UVI Aquaponic<\/a><\/h3>\n<div class=\"pt-cv-content\">El programa de Horticultura\/Acuicultura de la Universidad de las Islas V\u00edrgenes (UVI en sus siglas en ingl\u00e9s) ha recibido nuestras<br \/><div class=\"pt-cv-rmwrap\"><a href=\"https:\/\/www.farmaqua.com\/es\/march-2013-thai-tilapia-hapas-for-uvi-aquaponic\/\" class=\"_self pt-cv-readmore btn btn-success cvplbd\" target=\"_self\">Leer m\u00e1s<\/a><\/div><\/div><\/div><\/div>\n<div class=\"col-md-12 col-sm-12 col-xs-12 pt-cv-content-item pt-cv-2-col\"  data-pid=\"1649\"><div class='pt-cv-pinmas'><a href=\"https:\/\/www.farmaqua.com\/es\/august-2012-new-tsurumi-products\/\" class=\"_self pt-cv-href-thumbnail pt-cv-thumb-left cvplbd\" target=\"_self\" ><img decoding=\"async\" width=\"280\" height=\"280\" src=\"https:\/\/www.farmaqua.com\/wp-content\/uploads\/2021\/07\/Tsurumi-280x280.jpg\" class=\"pt-cv-thumbnail img-none pull-left skip-lazy \" alt=\"August 2012 Nuevos productos Tsurumi!\" data-no-lazy=\"1\" \/><\/a>\n<h3 class=\"pt-cv-title\"><a href=\"https:\/\/www.farmaqua.com\/es\/august-2012-new-tsurumi-products\/\" class=\"_self cvplbd\" target=\"_self\" >August 2012 Nuevos productos Tsurumi!<\/a><\/h3>\n<div class=\"pt-cv-content\">Tenemos nuevas bombas sumergibles y aireadores de diafragma del fabricante japon\u00e9s Tsurumi. Ligeros pero resistentes a la corrosi\u00f3n, ideales para<br \/><div class=\"pt-cv-rmwrap\"><a href=\"https:\/\/www.farmaqua.com\/es\/august-2012-new-tsurumi-products\/\" class=\"_self pt-cv-readmore btn btn-success cvplbd\" target=\"_self\">Leer m\u00e1s<\/a><\/div><\/div><\/div><\/div>\n<div class=\"col-md-12 col-sm-12 col-xs-12 pt-cv-content-item pt-cv-2-col\"  data-pid=\"1655\"><div class='pt-cv-pinmas'><a href=\"https:\/\/www.farmaqua.com\/es\/21-june-2012-vat-refund-for-tourists\/\" class=\"_self pt-cv-href-thumbnail pt-cv-thumb-left cvplbd\" target=\"_self\" ><img decoding=\"async\" width=\"280\" height=\"280\" src=\"https:\/\/www.farmaqua.com\/wp-content\/uploads\/2021\/07\/news13-280x280.jpg\" class=\"pt-cv-thumbnail img-none pull-left skip-lazy \" alt=\"21 June 2012 Reembolso del IVA (Impuesto al Valor A\u00f1adido) para turistas\" data-no-lazy=\"1\" \/><\/a>\n<h3 class=\"pt-cv-title\"><a href=\"https:\/\/www.farmaqua.com\/es\/21-june-2012-vat-refund-for-tourists\/\" class=\"_self cvplbd\" target=\"_self\" >21 June 2012 Reembolso del IVA (Impuesto al Valor A\u00f1adido) para turistas<\/a><\/h3>\n<div class=\"pt-cv-content\">We have registered with the Thai Revenue Department VAT Refund for Tourists Program (VRT) Nos hemos registrado en el Programa<br \/><div class=\"pt-cv-rmwrap\"><a href=\"https:\/\/www.farmaqua.com\/es\/21-june-2012-vat-refund-for-tourists\/\" class=\"_self pt-cv-readmore btn btn-success cvplbd\" target=\"_self\">Leer m\u00e1s<\/a><\/div><\/div><\/div><\/div>\n<div class=\"col-md-12 col-sm-12 col-xs-12 pt-cv-content-item pt-cv-2-col\"  data-pid=\"1708\"><div class='pt-cv-pinmas'><a href=\"https:\/\/www.farmaqua.com\/es\/13-17-march-2011-vimifos-thai-farm-tour\/\" class=\"_self pt-cv-href-thumbnail pt-cv-thumb-left cvplbd\" target=\"_self\" ><img decoding=\"async\" width=\"280\" height=\"280\" src=\"https:\/\/www.farmaqua.com\/wp-content\/uploads\/2021\/07\/news11-280x280.jpg\" class=\"pt-cv-thumbnail img-none pull-left skip-lazy \" alt=\"13 - 17 March 2011 VIMIFOS THAI FARM TOUR\" data-no-lazy=\"1\" \/><\/a>\n<h3 class=\"pt-cv-title\"><a href=\"https:\/\/www.farmaqua.com\/es\/13-17-march-2011-vimifos-thai-farm-tour\/\" class=\"_self cvplbd\" target=\"_self\" >13 &#8211; 17 March 2011 VIMIFOS THAI FARM TOUR<\/a><\/h3>\n<div class=\"pt-cv-content\">Vimifos, the biggest shrimp feed company in Mexico, brought some of their customers on a study tour of the Thai<br \/><div class=\"pt-cv-rmwrap\"><a href=\"https:\/\/www.farmaqua.com\/es\/13-17-march-2011-vimifos-thai-farm-tour\/\" class=\"_self pt-cv-readmore btn btn-success cvplbd\" target=\"_self\">Leer m\u00e1s<\/a><\/div><\/div><\/div><\/div>\n<div class=\"col-md-12 col-sm-12 col-xs-12 pt-cv-content-item pt-cv-2-col\"  data-pid=\"1724\"><div class='pt-cv-pinmas'><a href=\"https:\/\/www.farmaqua.com\/es\/27-29-october-2010-tilapia-2010-international-technical-trade-conference\/\" class=\"_self pt-cv-href-thumbnail pt-cv-thumb-left cvplbd\" target=\"_self\" ><img decoding=\"async\" width=\"280\" height=\"280\" src=\"https:\/\/www.farmaqua.com\/wp-content\/uploads\/2021\/07\/news10-1-280x280.jpg\" class=\"pt-cv-thumbnail img-none pull-left skip-lazy \" alt=\"27 - 29 October 2010 Conferencia T\u00e9cnico Comercial Internacional\" data-no-lazy=\"1\" \/><\/a>\n<h3 class=\"pt-cv-title\"><a href=\"https:\/\/www.farmaqua.com\/es\/27-29-october-2010-tilapia-2010-international-technical-trade-conference\/\" class=\"_self cvplbd\" target=\"_self\" >27 &#8211; 29 October 2010 Conferencia T\u00e9cnico Comercial Internacional<\/a><\/h3>\n<div class=\"pt-cv-content\">3\u00aa Conferencia y Exposici\u00f3n T\u00e9cnico-Comercial Internacional sobre Tilapia - Kuala Lumpur, Malaysia Tilapia 2010 promete ser un gran evento para<br \/><div class=\"pt-cv-rmwrap\"><a href=\"https:\/\/www.farmaqua.com\/es\/27-29-october-2010-tilapia-2010-international-technical-trade-conference\/\" class=\"_self pt-cv-readmore btn btn-success cvplbd\" target=\"_self\">Leer m\u00e1s<\/a><\/div><\/div><\/div><\/div>\n<div class=\"col-md-12 col-sm-12 col-xs-12 pt-cv-content-item pt-cv-2-col\"  data-pid=\"1742\"><div class='pt-cv-pinmas'><a href=\"https:\/\/www.farmaqua.com\/es\/21st-may-2010-water-quality-test-kits\/\" class=\"_self pt-cv-href-thumbnail pt-cv-thumb-left cvplbd\" target=\"_self\" ><img decoding=\"async\" width=\"280\" height=\"280\" src=\"https:\/\/www.farmaqua.com\/wp-content\/uploads\/2021\/07\/news09-280x280.jpg\" class=\"pt-cv-thumbnail img-none pull-left skip-lazy \" alt=\"21st May 2010 WATER QUALITY TEST KITS\" data-no-lazy=\"1\" \/><\/a>\n<h3 class=\"pt-cv-title\"><a href=\"https:\/\/www.farmaqua.com\/es\/21st-may-2010-water-quality-test-kits\/\" class=\"_self cvplbd\" target=\"_self\" >21st May 2010 WATER QUALITY TEST KITS<\/a><\/h3>\n<div class=\"pt-cv-content\">FarmAquaTest Kits for Aquaculture<br \/><div class=\"pt-cv-rmwrap\"><a href=\"https:\/\/www.farmaqua.com\/es\/21st-may-2010-water-quality-test-kits\/\" class=\"_self pt-cv-readmore btn btn-success cvplbd\" target=\"_self\">Leer m\u00e1s<\/a><\/div><\/div><\/div><\/div>\n<div class=\"col-md-12 col-sm-12 col-xs-12 pt-cv-content-item pt-cv-2-col\"  data-pid=\"1747\"><div class='pt-cv-pinmas'><a href=\"https:\/\/www.farmaqua.com\/es\/22nd-to-26th-march-2010-curso-de-practicas-de-hatchery-de-tilapia\/\" class=\"_self pt-cv-href-thumbnail pt-cv-thumb-left cvplbd\" target=\"_self\" ><img decoding=\"async\" width=\"280\" height=\"280\" src=\"https:\/\/www.farmaqua.com\/wp-content\/uploads\/2015\/11\/DSCF2881-280x280.jpg\" class=\"pt-cv-thumbnail img-none pull-left skip-lazy \" alt=\"22nd to 26th March 2010 Curso de Pr\u00e1cticas de Hatchery de Tilapia\" data-no-lazy=\"1\" \/><\/a>\n<h3 class=\"pt-cv-title\"><a href=\"https:\/\/www.farmaqua.com\/es\/22nd-to-26th-march-2010-curso-de-practicas-de-hatchery-de-tilapia\/\" class=\"_self cvplbd\" target=\"_self\" >22nd to 26th March 2010 Curso de Pr\u00e1cticas de Hatchery de Tilapia<\/a><\/h3>\n<div class=\"pt-cv-content\">Hemos realizado el tercer curso de Introducci\u00f3n a la Producci\u00f3n de Semilla de Tilapia en\u00a0Tailandia. Los participantes vinieron de Austria,<br \/><div class=\"pt-cv-rmwrap\"><a href=\"https:\/\/www.farmaqua.com\/es\/22nd-to-26th-march-2010-curso-de-practicas-de-hatchery-de-tilapia\/\" class=\"_self pt-cv-readmore btn btn-success cvplbd\" target=\"_self\">Leer m\u00e1s<\/a><\/div><\/div><\/div><\/div>\n<div class=\"col-md-12 col-sm-12 col-xs-12 pt-cv-content-item pt-cv-2-col\"  data-pid=\"1762\"><div class='pt-cv-pinmas'><a href=\"https:\/\/www.farmaqua.com\/es\/14th-february-2010-tilapia-hatchery-equipment-for-new-nam-sai-farm-jv-bangladesh\/\" class=\"_self pt-cv-href-thumbnail pt-cv-thumb-left cvplbd\" target=\"_self\" ><img decoding=\"async\" width=\"280\" height=\"280\" src=\"https:\/\/www.farmaqua.com\/wp-content\/uploads\/2015\/10\/news07-280x280.jpg\" class=\"pt-cv-thumbnail img-none pull-left skip-lazy \" alt=\"14th February 2010 Material para la nueva hatchery de tilapia en Bangladesh\" data-no-lazy=\"1\" \/><\/a>\n<h3 class=\"pt-cv-title\"><a href=\"https:\/\/www.farmaqua.com\/es\/14th-february-2010-tilapia-hatchery-equipment-for-new-nam-sai-farm-jv-bangladesh\/\" class=\"_self cvplbd\" target=\"_self\" >14th February 2010 Material para la nueva hatchery de tilapia en Bangladesh<\/a><\/h3>\n<div class=\"pt-cv-content\">Tenemos el placer de suministrar gran parte del material necesario para la nueva hatchery de tilapia que se est\u00e1 construyendo<br \/><div class=\"pt-cv-rmwrap\"><a href=\"https:\/\/www.farmaqua.com\/es\/14th-february-2010-tilapia-hatchery-equipment-for-new-nam-sai-farm-jv-bangladesh\/\" class=\"_self pt-cv-readmore btn btn-success cvplbd\" target=\"_self\">Leer m\u00e1s<\/a><\/div><\/div><\/div><\/div>\n<div class=\"col-md-12 col-sm-12 col-xs-12 pt-cv-content-item pt-cv-2-col\"  data-pid=\"1796\"><div class='pt-cv-pinmas'><a href=\"https:\/\/www.farmaqua.com\/es\/30th-april-25th-may-2009-instalacion-de-hatchery-de-tilapia-para-el-centro-nacional-de-acuicultura-de-malawi\/\" class=\"_self pt-cv-href-thumbnail pt-cv-thumb-left cvplbd\" target=\"_self\" ><img decoding=\"async\" width=\"280\" height=\"280\" src=\"https:\/\/www.farmaqua.com\/wp-content\/uploads\/2013\/12\/news04-280x280.jpg\" class=\"pt-cv-thumbnail img-none pull-left skip-lazy \" alt=\"30th April - 25th May 2009 Instalaci\u00f3n de hatchery de tilapia para el Centro Nacional de Acuicultura de Malawi\" data-no-lazy=\"1\" \/><\/a>\n<h3 class=\"pt-cv-title\"><a href=\"https:\/\/www.farmaqua.com\/es\/30th-april-25th-may-2009-instalacion-de-hatchery-de-tilapia-para-el-centro-nacional-de-acuicultura-de-malawi\/\" class=\"_self cvplbd\" target=\"_self\" >30th April &#8211; 25th May 2009 Instalaci\u00f3n de hatchery de tilapia para el Centro Nacional de Acuicultura de Malawi<\/a><\/h3>\n<div class=\"pt-cv-content\">Los consultores de FarmAqua Angus MacNiven y Teerapon Chunjinda han pasado unas semanas de duro trabajo en el Centro Nacional<br \/><div class=\"pt-cv-rmwrap\"><a href=\"https:\/\/www.farmaqua.com\/es\/30th-april-25th-may-2009-instalacion-de-hatchery-de-tilapia-para-el-centro-nacional-de-acuicultura-de-malawi\/\" class=\"_self pt-cv-readmore btn btn-success cvplbd\" target=\"_self\">Leer m\u00e1s<\/a><\/div><\/div><\/div><\/div>\n<div class=\"col-md-12 col-sm-12 col-xs-12 pt-cv-content-item pt-cv-2-col\"  data-pid=\"1802\"><div class='pt-cv-pinmas'><a href=\"https:\/\/www.farmaqua.com\/es\/3rd-april-5th-may-2009-curso-de-introduccion-a-la-produccion-de-semilla-de-tilapia-en-tailandia\/\" class=\"_self pt-cv-href-thumbnail pt-cv-thumb-left cvplbd\" target=\"_self\" ><img decoding=\"async\" width=\"280\" height=\"280\" src=\"https:\/\/www.farmaqua.com\/wp-content\/uploads\/2013\/12\/news03-280x280.jpg\" class=\"pt-cv-thumbnail img-none pull-left skip-lazy \" alt=\"3rd April - 5th May 2009 Curso de Introducci\u00f3n a la Producci\u00f3n de Semilla de Tilapia en Tailandia\" data-no-lazy=\"1\" \/><\/a>\n<h3 class=\"pt-cv-title\"><a href=\"https:\/\/www.farmaqua.com\/es\/3rd-april-5th-may-2009-curso-de-introduccion-a-la-produccion-de-semilla-de-tilapia-en-tailandia\/\" class=\"_self cvplbd\" target=\"_self\" >3rd April &#8211; 5th May 2009 Curso de Introducci\u00f3n a la Producci\u00f3n de Semilla de Tilapia en Tailandia<\/a><\/h3>\n<div class=\"pt-cv-content\">Tres funcionarios del departamento de pesca y un productor del sector privado han participado en un curso intensivo, de introductorio<br \/><div class=\"pt-cv-rmwrap\"><a href=\"https:\/\/www.farmaqua.com\/es\/3rd-april-5th-may-2009-curso-de-introduccion-a-la-produccion-de-semilla-de-tilapia-en-tailandia\/\" class=\"_self pt-cv-readmore btn btn-success cvplbd\" target=\"_self\">Leer m\u00e1s<\/a><\/div><\/div><\/div><\/div>\n<div class=\"col-md-12 col-sm-12 col-xs-12 pt-cv-content-item pt-cv-2-col\"  data-pid=\"1808\"><div class='pt-cv-pinmas'><a href=\"https:\/\/www.farmaqua.com\/es\/2009-video-del-departamento-de-desarrollo-del-gobierno-de-reino-unido-muestra-nuestro-material\/\" class=\"_self pt-cv-href-thumbnail pt-cv-thumb-left cvplbd\" target=\"_self\" ><img decoding=\"async\" width=\"280\" height=\"280\" src=\"https:\/\/www.farmaqua.com\/wp-content\/uploads\/2013\/08\/news02-280x280.jpg\" class=\"pt-cv-thumbnail img-none pull-left skip-lazy \" alt=\"2009 VIDEO DEL DEPARTAMENTO DE DESARROLLO DEL GOBIERNO DE REINO UNIDO MUESTRA NUESTRO MATERIAL\" data-no-lazy=\"1\" \/><\/a>\n<h3 class=\"pt-cv-title\"><a href=\"https:\/\/www.farmaqua.com\/es\/2009-video-del-departamento-de-desarrollo-del-gobierno-de-reino-unido-muestra-nuestro-material\/\" class=\"_self cvplbd\" target=\"_self\" >2009 VIDEO DEL DEPARTAMENTO DE DESARROLLO DEL GOBIERNO DE REINO UNIDO MUESTRA NUESTRO MATERIAL<\/a><\/h3>\n<div class=\"pt-cv-content\">El siguiente es un enlace con un video del Departamento Internacional para el Desarrollo del Gobierno de Reino Unido, parte<br \/><div class=\"pt-cv-rmwrap\"><a href=\"https:\/\/www.farmaqua.com\/es\/2009-video-del-departamento-de-desarrollo-del-gobierno-de-reino-unido-muestra-nuestro-material\/\" class=\"_self pt-cv-readmore btn btn-success cvplbd\" target=\"_self\">Leer m\u00e1s<\/a><\/div><\/div><\/div><\/div>\n<div class=\"col-md-12 col-sm-12 col-xs-12 pt-cv-content-item pt-cv-2-col\"  data-pid=\"1812\"><div class='pt-cv-pinmas'><a href=\"https:\/\/www.farmaqua.com\/es\/2009-malla-antipajaros\/\" class=\"_self pt-cv-href-thumbnail pt-cv-thumb-left cvplbd\" target=\"_self\" ><img decoding=\"async\" width=\"280\" height=\"280\" src=\"https:\/\/www.farmaqua.com\/wp-content\/uploads\/2013\/08\/1-280x280.jpg\" class=\"pt-cv-thumbnail img-none pull-left skip-lazy \" alt=\"2009 MALLA ANTIP\u00c1JAROS\" data-no-lazy=\"1\" \/><\/a>\n<h3 class=\"pt-cv-title\"><a href=\"https:\/\/www.farmaqua.com\/es\/2009-malla-antipajaros\/\" class=\"_self cvplbd\" target=\"_self\" >2009 MALLA ANTIP\u00c1JAROS<\/a><\/h3>\n<div class=\"pt-cv-content\">Desde los ping\u00fcinos hasta los pel\u00edcanos y cormoranes, pasando por el mart\u00edn pescador, todos ellos aman comerse nuestros peces. Por<br \/><div class=\"pt-cv-rmwrap\"><a href=\"https:\/\/www.farmaqua.com\/es\/2009-malla-antipajaros\/\" class=\"_self pt-cv-readmore btn btn-success cvplbd\" target=\"_self\">Leer m\u00e1s<\/a><\/div><\/div><\/div><\/div><\/div><\/div><\/div>\t\t\t<style type=\"text\/css\" id=\"pt-cv-inline-style-d6294911u3\">#pt-cv-view-656d652f97 .pt-cv-title a, #pt-cv-view-656d652f97  .panel-title { color: #1e73be !important; }\n#pt-cv-view-656d652f97  .pt-cv-title a:hover, #pt-cv-view-656d652f97  .panel-title:hover   { color: #229ad6 !important; }\n#pt-cv-view-656d652f97 .pt-cv-readmore  { color: #ffffff !important; background-color: #004191 !important; }\n#pt-cv-view-656d652f97 .pt-cv-readmore:hover  { color: #ffffff !important; background-color: #00aeef !important; }\n#pt-cv-view-656d652f97  + .pt-cv-pagination-wrapper .pt-cv-more , #pt-cv-view-656d652f97  + .pt-cv-pagination-wrapper .pagination .active a, .pt-cv-pagination[data-sid='656d652f97'] .active a { color: #ffffff !important; background-color: #00aeef !important; }\n#pt-cv-view-656d652f97 { text-align: left; }<\/style>\r\n\t\t\t\n\t\t<\/div>\n\t\t\t\t\n<style>\n#col-1824759897 > .col-inner {\n  padding: 0px 0px 0px 10px;\n  margin: 0px 0px 0px 5px;\n}\n@media (min-width:550px) {\n  #col-1824759897 > .col-inner {\n    padding: 0px 0px 0px 0px;\n    margin: 0px 0px 0px 0px;\n  }\n}\n<\/style>\n\t<\/div>\n\n\t\n<\/div>\n","protected":false},"excerpt":{"rendered":"","protected":false},"author":1,"featured_media":0,"parent":0,"menu_order":0,"comment_status":"closed","ping_status":"closed","template":"page-blank.php","meta":{"footnotes":""},"class_list":["post-1407","page","type-page","status-publish","hentry"],"yoast_head":"<!-- This site is optimized with the Yoast SEO plugin v27.2 - https:\/\/yoast.com\/product\/yoast-seo-wordpress\/ -->\n<title>News &amp; Events - baanpramong<\/title>\n<meta name=\"robots\" content=\"index, follow, max-snippet:-1, max-image-preview:large, max-video-preview:-1\" \/>\n<link rel=\"canonical\" href=\"https:\/\/www.farmaqua.com\/news-events\/?lang=es\" \/>\n<meta property=\"og:locale\" content=\"es_ES\" \/>\n<meta property=\"og:type\" content=\"article\" \/>\n<meta property=\"og:title\" content=\"News &amp; Events - baanpramong\" \/>\n<meta property=\"og:url\" content=\"https:\/\/www.farmaqua.com\/news-events\/?lang=es\" \/>\n<meta property=\"og:site_name\" content=\"baanpramong\" \/>\n<meta property=\"article:modified_time\" content=\"2022-12-12T06:40:22+00:00\" \/>\n<meta name=\"twitter:card\" content=\"summary_large_image\" \/>\n<meta name=\"twitter:label1\" content=\"Tiempo de lectura\" \/>\n\t<meta name=\"twitter:data1\" content=\"1 minuto\" \/>\n<script type=\"application\/ld+json\" class=\"yoast-schema-graph\">{\"@context\":\"https:\/\/schema.org\",\"@graph\":[{\"@type\":\"WebPage\",\"@id\":\"https:\/\/www.farmaqua.com\/news-events\/?lang=es\",\"url\":\"https:\/\/www.farmaqua.com\/news-events\/?lang=es\",\"name\":\"News & Events - baanpramong\",\"isPartOf\":{\"@id\":\"https:\/\/www.farmaqua.com\/#website\"},\"datePublished\":\"2022-06-28T08:25:23+00:00\",\"dateModified\":\"2022-12-12T06:40:22+00:00\",\"breadcrumb\":{\"@id\":\"https:\/\/www.farmaqua.com\/news-events\/?lang=es#breadcrumb\"},\"inLanguage\":\"es\",\"potentialAction\":[{\"@type\":\"ReadAction\",\"target\":[\"https:\/\/www.farmaqua.com\/news-events\/?lang=es\"]}]},{\"@type\":\"BreadcrumbList\",\"@id\":\"https:\/\/www.farmaqua.com\/news-events\/?lang=es#breadcrumb\",\"itemListElement\":[{\"@type\":\"ListItem\",\"position\":1,\"name\":\"Home\",\"item\":\"https:\/\/www.farmaqua.com\/\"},{\"@type\":\"ListItem\",\"position\":2,\"name\":\"News &#038; Events\"}]},{\"@type\":\"WebSite\",\"@id\":\"https:\/\/www.farmaqua.com\/#website\",\"url\":\"https:\/\/www.farmaqua.com\/\",\"name\":\"baanpramong\",\"description\":\"\",\"potentialAction\":[{\"@type\":\"SearchAction\",\"target\":{\"@type\":\"EntryPoint\",\"urlTemplate\":\"https:\/\/www.farmaqua.com\/?s={search_term_string}\"},\"query-input\":{\"@type\":\"PropertyValueSpecification\",\"valueRequired\":true,\"valueName\":\"search_term_string\"}}],\"inLanguage\":\"es\"}]}<\/script>\n<!-- \/ Yoast SEO plugin. -->","yoast_head_json":{"title":"News & Events - baanpramong","robots":{"index":"index","follow":"follow","max-snippet":"max-snippet:-1","max-image-preview":"max-image-preview:large","max-video-preview":"max-video-preview:-1"},"canonical":"https:\/\/www.farmaqua.com\/news-events\/?lang=es","og_locale":"es_ES","og_type":"article","og_title":"News & Events - baanpramong","og_url":"https:\/\/www.farmaqua.com\/news-events\/?lang=es","og_site_name":"baanpramong","article_modified_time":"2022-12-12T06:40:22+00:00","twitter_card":"summary_large_image","twitter_misc":{"Tiempo de lectura":"1 minuto"},"schema":{"@context":"https:\/\/schema.org","@graph":[{"@type":"WebPage","@id":"https:\/\/www.farmaqua.com\/news-events\/?lang=es","url":"https:\/\/www.farmaqua.com\/news-events\/?lang=es","name":"News & Events - baanpramong","isPartOf":{"@id":"https:\/\/www.farmaqua.com\/#website"},"datePublished":"2022-06-28T08:25:23+00:00","dateModified":"2022-12-12T06:40:22+00:00","breadcrumb":{"@id":"https:\/\/www.farmaqua.com\/news-events\/?lang=es#breadcrumb"},"inLanguage":"es","potentialAction":[{"@type":"ReadAction","target":["https:\/\/www.farmaqua.com\/news-events\/?lang=es"]}]},{"@type":"BreadcrumbList","@id":"https:\/\/www.farmaqua.com\/news-events\/?lang=es#breadcrumb","itemListElement":[{"@type":"ListItem","position":1,"name":"Home","item":"https:\/\/www.farmaqua.com\/"},{"@type":"ListItem","position":2,"name":"News &#038; Events"}]},{"@type":"WebSite","@id":"https:\/\/www.farmaqua.com\/#website","url":"https:\/\/www.farmaqua.com\/","name":"baanpramong","description":"","potentialAction":[{"@type":"SearchAction","target":{"@type":"EntryPoint","urlTemplate":"https:\/\/www.farmaqua.com\/?s={search_term_string}"},"query-input":{"@type":"PropertyValueSpecification","valueRequired":true,"valueName":"search_term_string"}}],"inLanguage":"es"}]}},"_links":{"self":[{"href":"https:\/\/www.farmaqua.com\/es\/wp-json\/wp\/v2\/pages\/1407","targetHints":{"allow":["GET"]}}],"collection":[{"href":"https:\/\/www.farmaqua.com\/es\/wp-json\/wp\/v2\/pages"}],"about":[{"href":"https:\/\/www.farmaqua.com\/es\/wp-json\/wp\/v2\/types\/page"}],"author":[{"embeddable":true,"href":"https:\/\/www.farmaqua.com\/es\/wp-json\/wp\/v2\/users\/1"}],"replies":[{"embeddable":true,"href":"https:\/\/www.farmaqua.com\/es\/wp-json\/wp\/v2\/comments?post=1407"}],"version-history":[{"count":0,"href":"https:\/\/www.farmaqua.com\/es\/wp-json\/wp\/v2\/pages\/1407\/revisions"}],"wp:attachment":[{"href":"https:\/\/www.farmaqua.com\/es\/wp-json\/wp\/v2\/media?parent=1407"}],"curies":[{"name":"wp","href":"https:\/\/api.w.org\/{rel}","templated":true}]}}