{"id":1470,"date":"2022-06-29T05:36:44","date_gmt":"2022-06-29T05:36:44","guid":{"rendered":"http:\/\/farmaqua.com\/?page_id=1470"},"modified":"2022-08-30T07:38:49","modified_gmt":"2022-08-30T07:38:49","slug":"material-de-hatchery","status":"publish","type":"page","link":"https:\/\/www.farmaqua.com\/es\/products\/material-de-hatchery\/","title":{"rendered":"Material de hatchery"},"content":{"rendered":"<div class=\"slider-wrapper relative\" id=\"slider-1585425264\" >\n    <div class=\"slider slider-nav-circle slider-nav-large slider-nav-light slider-style-normal slider-show-nav\"\n        data-flickity-options='{\n            \"cellAlign\": \"center\",\n            \"imagesLoaded\": true,\n            \"lazyLoad\": 1,\n            \"freeScroll\": false,\n            \"wrapAround\": true,\n            \"autoPlay\": 3000,\n            \"pauseAutoPlayOnHover\" : true,\n            \"prevNextButtons\": true,\n            \"contain\" : true,\n            \"adaptiveHeight\" : true,\n            \"dragThreshold\" : 10,\n            \"percentPosition\": true,\n            \"pageDots\": false,\n            \"rightToLeft\": false,\n            \"draggable\": true,\n            \"selectedAttraction\": 0.1,\n            \"parallax\" : 0,\n            \"friction\": 0.6        }'\n        >\n        \n\n\n  <div class=\"banner has-hover\" id=\"banner-868678051\">\n          <div class=\"banner-inner fill\">\n        <div class=\"banner-bg fill\" >\n            <div class=\"bg fill bg-fill \"><\/div>\n                                    \n                    <\/div>\n\t\t\n        <div class=\"banner-layers container\">\n            <div class=\"fill banner-link\"><\/div>            \n\n\n        <\/div>\n      <\/div>\n\n            \n<style>\n#banner-868678051 {\n  padding-top: 43%;\n}\n#banner-868678051 .bg.bg-loaded {\n  background-image: url(https:\/\/www.farmaqua.com\/wp-content\/uploads\/2022\/09\/1.jpg);\n}\n#banner-868678051 .bg {\n  background-position: 57% 67%;\n}\n#banner-868678051 .ux-shape-divider--top svg {\n  height: 150px;\n  --divider-top-width: 100%;\n}\n#banner-868678051 .ux-shape-divider--bottom svg {\n  height: 150px;\n  --divider-width: 100%;\n}\n@media (min-width:550px) {\n  #banner-868678051 {\n    padding-top: 43%;\n  }\n}\n<\/style>\n  <\/div>\n\n\n\n  <div class=\"banner has-hover\" id=\"banner-103464784\">\n          <div class=\"banner-inner fill\">\n        <div class=\"banner-bg fill\" >\n            <div class=\"bg fill bg-fill \"><\/div>\n                                    \n                    <\/div>\n\t\t\n        <div class=\"banner-layers container\">\n            <div class=\"fill banner-link\"><\/div>            \n\n\n        <\/div>\n      <\/div>\n\n            \n<style>\n#banner-103464784 {\n  padding-top: 43%;\n}\n#banner-103464784 .bg.bg-loaded {\n  background-image: url(https:\/\/www.farmaqua.com\/wp-content\/uploads\/2022\/09\/2.jpg);\n}\n#banner-103464784 .bg {\n  background-position: 34% 48%;\n}\n#banner-103464784 .ux-shape-divider--top svg {\n  height: 150px;\n  --divider-top-width: 100%;\n}\n#banner-103464784 .ux-shape-divider--bottom svg {\n  height: 150px;\n  --divider-width: 100%;\n}\n@media (min-width:550px) {\n  #banner-103464784 {\n    padding-top: 43%;\n  }\n}\n<\/style>\n  <\/div>\n\n\n\n  <div class=\"banner has-hover\" id=\"banner-82409588\">\n          <div class=\"banner-inner fill\">\n        <div class=\"banner-bg fill\" >\n            <div class=\"bg fill bg-fill \"><\/div>\n                                    \n                    <\/div>\n\t\t\n        <div class=\"banner-layers container\">\n            <div class=\"fill banner-link\"><\/div>            \n\n\n        <\/div>\n      <\/div>\n\n            \n<style>\n#banner-82409588 {\n  padding-top: 43%;\n}\n#banner-82409588 .bg.bg-loaded {\n  background-image: url(https:\/\/www.farmaqua.com\/wp-content\/uploads\/2022\/09\/3.jpg);\n}\n#banner-82409588 .bg {\n  background-position: 34% 48%;\n}\n#banner-82409588 .ux-shape-divider--top svg {\n  height: 150px;\n  --divider-top-width: 100%;\n}\n#banner-82409588 .ux-shape-divider--bottom svg {\n  height: 150px;\n  --divider-width: 100%;\n}\n@media (min-width:550px) {\n  #banner-82409588 {\n    padding-top: 43%;\n  }\n}\n<\/style>\n  <\/div>\n\n\n\n  <div class=\"banner has-hover\" id=\"banner-2003044617\">\n          <div class=\"banner-inner fill\">\n        <div class=\"banner-bg fill\" >\n            <div class=\"bg fill bg-fill \"><\/div>\n                                    \n                    <\/div>\n\t\t\n        <div class=\"banner-layers container\">\n            <div class=\"fill banner-link\"><\/div>            \n\n\n        <\/div>\n      <\/div>\n\n            \n<style>\n#banner-2003044617 {\n  padding-top: 43%;\n}\n#banner-2003044617 .bg.bg-loaded {\n  background-image: url(https:\/\/www.farmaqua.com\/wp-content\/uploads\/2022\/09\/4.jpg);\n}\n#banner-2003044617 .bg {\n  background-position: 35% 68%;\n}\n#banner-2003044617 .ux-shape-divider--top svg {\n  height: 150px;\n  --divider-top-width: 100%;\n}\n#banner-2003044617 .ux-shape-divider--bottom svg {\n  height: 150px;\n  --divider-width: 100%;\n}\n@media (min-width:550px) {\n  #banner-2003044617 {\n    padding-top: 43%;\n  }\n}\n<\/style>\n  <\/div>\n\n\n\n     <\/div>\n\n     <div class=\"loading-spin dark large centered\"><\/div>\n\n     \t<\/div>\n\n\n<div class=\"row\"  id=\"row-883738611\">\n\n\t<div id=\"col-146271550\" class=\"col small-12 large-12\"  >\n\t\t\t\t<div class=\"col-inner\"  >\n\t\t\t\n\t\t\t\n<div class=\"container section-title-container\" style=\"margin-top:10px;margin-bottom:-10px;\"><h3 class=\"section-title section-title-normal\"><b><\/b><span class=\"section-title-main\" style=\"color:rgb(7, 45, 129);\"><i class=\"icon-angle-down\" ><\/i>Material de hatchery<\/span><b><\/b><\/h3><\/div>\n\n\t\t<div class=\"tabbed-content\">\n\t\t\t\n\t\t\t<ul class=\"nav nav-line-bottom nav-vertical nav-normal nav-size-normal nav-left\" role=\"tablist\"><li id=\"tab-cuenco-de-polietileno-blanco-de-21-cm-y-2.5-litros,-moldeado-por-soplo\" class=\"tab active has-icon\" role=\"presentation\"><a href=\"#tab_cuenco-de-polietileno-blanco-de-21-cm-y-2.5-litros,-moldeado-por-soplo\" role=\"tab\" aria-selected=\"true\" aria-controls=\"tab_cuenco-de-polietileno-blanco-de-21-cm-y-2.5-litros,-moldeado-por-soplo\"><span>Cuenco de polietileno blanco de 21 cm y 2.5 litros, moldeado por soplo<\/span><\/a><\/li>\n<li id=\"tab-cuenco-de-polietileno-blanco-de-24-cm-y-3.9-litros,-moldeado-por-soplo\" class=\"tab has-icon\" role=\"presentation\"><a href=\"#tab_cuenco-de-polietileno-blanco-de-24-cm-y-3.9-litros,-moldeado-por-soplo\" tabindex=\"-1\" role=\"tab\" aria-selected=\"false\" aria-controls=\"tab_cuenco-de-polietileno-blanco-de-24-cm-y-3.9-litros,-moldeado-por-soplo\"><span>Cuenco de polietileno blanco de 24 cm y 3.9 litros, moldeado por soplo<\/span><\/a><\/li>\n<li id=\"tab-aluminio\" class=\"tab has-icon\" role=\"presentation\"><a href=\"#tab_aluminio\" tabindex=\"-1\" role=\"tab\" aria-selected=\"false\" aria-controls=\"tab_aluminio\"><span>Aluminio<\/span><\/a><\/li>\n<li id=\"tab-estructura-armaz\u00f3n-para-los-cuencos-de-recolecci\u00f3n-de-huevos\" class=\"tab has-icon\" role=\"presentation\"><a href=\"#tab_estructura-armaz\u00f3n-para-los-cuencos-de-recolecci\u00f3n-de-huevos\" tabindex=\"-1\" role=\"tab\" aria-selected=\"false\" aria-controls=\"tab_estructura-armaz\u00f3n-para-los-cuencos-de-recolecci\u00f3n-de-huevos\"><span>Estructura-armaz\u00f3n para los cuencos de recolecci\u00f3n de huevos<\/span><\/a><\/li>\n<li id=\"tab-incubadora-de-huevos-m\u00f3vil\" class=\"tab has-icon\" role=\"presentation\"><a href=\"#tab_incubadora-de-huevos-m\u00f3vil\" tabindex=\"-1\" role=\"tab\" aria-selected=\"false\" aria-controls=\"tab_incubadora-de-huevos-m\u00f3vil\"><span>Incubadora de huevos m\u00f3vil<\/span><\/a><\/li>\n<li id=\"tab-polietileno,-2.4-litros\" class=\"tab has-icon\" role=\"presentation\"><a href=\"#tab_polietileno,-2.4-litros\" tabindex=\"-1\" role=\"tab\" aria-selected=\"false\" aria-controls=\"tab_polietileno,-2.4-litros\"><span>Polietileno, 2.4 litros<\/span><\/a><\/li>\n<li id=\"tab-b\u00e1scula-port\u00e1til,-resoluci\u00f3n-de-0.01g\" class=\"tab has-icon\" role=\"presentation\"><a href=\"#tab_b\u00e1scula-port\u00e1til,-resoluci\u00f3n-de-0.01g\" tabindex=\"-1\" role=\"tab\" aria-selected=\"false\" aria-controls=\"tab_b\u00e1scula-port\u00e1til,-resoluci\u00f3n-de-0.01g\"><span>B\u00e1scula port\u00e1til, resoluci\u00f3n de 0.01g<\/span><\/a><\/li>\n<li id=\"tab-b\u00e1scula-port\u00e1til,-resoluci\u00f3n-de-1.0-g\" class=\"tab has-icon\" role=\"presentation\"><a href=\"#tab_b\u00e1scula-port\u00e1til,-resoluci\u00f3n-de-1.0-g\" tabindex=\"-1\" role=\"tab\" aria-selected=\"false\" aria-controls=\"tab_b\u00e1scula-port\u00e1til,-resoluci\u00f3n-de-1.0-g\"><span>B\u00e1scula port\u00e1til, resoluci\u00f3n de 1.0 g<\/span><\/a><\/li>\n<li id=\"tab-mesa-de-incubaci\u00f3n-inoxidable\" class=\"tab has-icon\" role=\"presentation\"><a href=\"#tab_mesa-de-incubaci\u00f3n-inoxidable\" tabindex=\"-1\" role=\"tab\" aria-selected=\"false\" aria-controls=\"tab_mesa-de-incubaci\u00f3n-inoxidable\"><span>Mesa de incubaci\u00f3n inoxidable<\/span><\/a><\/li>\n<li id=\"tab-armaz\u00f3n-inoxidable-de-10-bandejas\" class=\"tab has-icon\" role=\"presentation\"><a href=\"#tab_armaz\u00f3n-inoxidable-de-10-bandejas\" tabindex=\"-1\" role=\"tab\" aria-selected=\"false\" aria-controls=\"tab_armaz\u00f3n-inoxidable-de-10-bandejas\"><span>Armaz\u00f3n inoxidable de 10 bandejas<\/span><\/a><\/li><\/ul><div class=\"tab-panels\"><div id=\"tab_cuenco-de-polietileno-blanco-de-21-cm-y-2.5-litros,-moldeado-por-soplo\" class=\"panel active entry-content\" role=\"tabpanel\" aria-labelledby=\"tab-cuenco-de-polietileno-blanco-de-21-cm-y-2.5-litros,-moldeado-por-soplo\">\n\t<div id=\"gap-1981179739\" class=\"gap-element clearfix\" style=\"display:block; height:auto;\">\n\t\t\n<style>\n#gap-1981179739 {\n  padding-top: 30px;\n}\n<\/style>\n\t<\/div>\n\t\n<h3><img decoding=\"async\" class=\"alignnone size-full wp-image-1005\" src=\"http:\/\/farmaqua.com\/wp-content\/uploads\/2021\/07\/20077255745Eggbowl5.jpg\" alt=\"\" width=\"300\" height=\"225\" \/><\/h3>\n<h3>Cuenco de polietileno blanco de 21 cm y 2.5 litros, moldeado por soplo<br \/>Tipo de product: Cuenco de pl\u00e1stico<\/h3>\n<p><strong>Product Detail<\/strong> <br \/>Cuencos de pl\u00e1stico resistente y de m\u00faltiples usos en la hatchery. Los mismos que se usan en Nam Sai Farms.<\/p>\n<\/div>\n<div id=\"tab_cuenco-de-polietileno-blanco-de-24-cm-y-3.9-litros,-moldeado-por-soplo\" class=\"panel entry-content\" role=\"tabpanel\" aria-labelledby=\"tab-cuenco-de-polietileno-blanco-de-24-cm-y-3.9-litros,-moldeado-por-soplo\">\n\t<div id=\"gap-299432033\" class=\"gap-element clearfix\" style=\"display:block; height:auto;\">\n\t\t\n<style>\n#gap-299432033 {\n  padding-top: 30px;\n}\n<\/style>\n\t<\/div>\n\t\n<h3><img decoding=\"async\" class=\"alignnone size-full wp-image-1006\" src=\"http:\/\/farmaqua.com\/wp-content\/uploads\/2021\/07\/egg_bowl_sampling_fry.jpg\" alt=\"\" width=\"300\" height=\"225\" \/> <br \/>Cuenco de polietileno blanco de 24 cm y 3.9 litros, moldeado por soplo <br \/>Tipo de product: Cuenco de pl\u00e1stico <\/h3>\n<p><strong>Product Detail<\/strong> <br \/>Cuencos de pl\u00e1stico resistente y de m\u00faltiples usos en la hatchery. Estos cuencos de mayor dimensi\u00f3n se usan en la recogida de huevos. Los mismos que se usan en Nam Sai Farms. <\/p>\n<\/div>\n<div id=\"tab_aluminio\" class=\"panel entry-content\" role=\"tabpanel\" aria-labelledby=\"tab-aluminio\">\n\t<div id=\"gap-1056167879\" class=\"gap-element clearfix\" style=\"display:block; height:auto;\">\n\t\t\n<style>\n#gap-1056167879 {\n  padding-top: 30px;\n}\n<\/style>\n\t<\/div>\n\t\n<p><img decoding=\"async\" class=\"alignnone size-full wp-image-1008\" src=\"http:\/\/farmaqua.com\/wp-content\/uploads\/2021\/07\/fry_tray_alu_I.jpg\" alt=\"\" width=\"300\" height=\"173\" \/><\/p>\n<h3>Aluminio <br \/>Tipo de product: Bandejas de alevines <\/h3>\n<p><strong>Product Detail<\/strong> <br \/>Generalmente se usan para las tilapias tras su eclosi\u00f3n y hasta que absorben el saco vitelino. Dimensiones aproximadas de 42 x 26.5 x 8 cm (Largo x Ancho x Alto), pueden albergar aproximadamente 20.000 alevines.<\/p>\n<\/div>\n<div id=\"tab_estructura-armaz\u00f3n-para-los-cuencos-de-recolecci\u00f3n-de-huevos\" class=\"panel entry-content\" role=\"tabpanel\" aria-labelledby=\"tab-estructura-armaz\u00f3n-para-los-cuencos-de-recolecci\u00f3n-de-huevos\">\n\t<div id=\"gap-291004244\" class=\"gap-element clearfix\" style=\"display:block; height:auto;\">\n\t\t\n<style>\n#gap-291004244 {\n  padding-top: 30px;\n}\n<\/style>\n\t<\/div>\n\t\n<p><img decoding=\"async\" class=\"alignnone size-full wp-image-1009\" src=\"http:\/\/farmaqua.com\/wp-content\/uploads\/2021\/07\/egg_bowl_frame_I.jpg\" alt=\"\" width=\"300\" height=\"383\" \/><\/p>\n<h3>Estructura-armaz\u00f3n para los cuencos de recolecci\u00f3n de huevos <br \/>Tipo de product: Recolecci\u00f3n de huevos <\/h3>\n<p><strong>Product Detail<\/strong> <br \/>Armaz\u00f3n met\u00e1lico en donde se colocan los cuencos de recolecci\u00f3n de huevos. Se suministra con cuatro cuencos para los cuatro estad\u00edos de huevos recolectados.<\/p>\n<\/div>\n<div id=\"tab_incubadora-de-huevos-m\u00f3vil\" class=\"panel entry-content\" role=\"tabpanel\" aria-labelledby=\"tab-incubadora-de-huevos-m\u00f3vil\">\n\t<div id=\"gap-1660056227\" class=\"gap-element clearfix\" style=\"display:block; height:auto;\">\n\t\t\n<style>\n#gap-1660056227 {\n  padding-top: 30px;\n}\n<\/style>\n\t<\/div>\n\t\n<h3><img decoding=\"async\" class=\"alignnone size-full wp-image-1011\" src=\"http:\/\/farmaqua.com\/wp-content\/uploads\/2021\/07\/20077253530IMG_0017.jpg\" alt=\"\" width=\"300\" height=\"225\" \/> <br \/>Incubadora de huevos m\u00f3vil <br \/>Tipo de producto: Recolecci\u00f3n de <\/h3>\n<p><strong>Product Detail<\/strong> <br \/>Se usa durante la limpieza y clasificaci\u00f3n de huevos inicial en las cercan\u00edas de los estanques. Se suministra con ocho incubadoras grandes y una bomba de agua (AC y DC disponibles). Esta versi\u00f3n ha sido dise\u00f1ada para ser remolcada por un veh\u00edculo, aunque realizamos una versi\u00f3n m\u00e1s peque\u00f1a de cuatro incubadoras que se puede remolcar manualmente.\u00a0<\/p>\n<\/div>\n<div id=\"tab_polietileno,-2.4-litros\" class=\"panel entry-content\" role=\"tabpanel\" aria-labelledby=\"tab-polietileno,-2.4-litros\">\n\t<div id=\"gap-672479590\" class=\"gap-element clearfix\" style=\"display:block; height:auto;\">\n\t\t\n<style>\n#gap-672479590 {\n  padding-top: 30px;\n}\n<\/style>\n\t<\/div>\n\t\n<h3><img decoding=\"async\" class=\"alignnone size-full wp-image-1013\" src=\"http:\/\/farmaqua.com\/wp-content\/uploads\/2021\/07\/PE_incub_I.jpg\" alt=\"\" width=\"300\" height=\"277\" \/> <br \/>Polietileno, 2.4 litros <br \/>Tipo de producto: Incubadora <\/h3>\n<p><strong>Product Detail<\/strong> <br \/>Incubadora de huevos de peces de tipo MacDonald (upwelling), 12 cm (5&#8243;) de di\u00e1metro, 2.4 litros aproximadamente, puede mantener 1.0 kg de huevos de tilapia aproximadamente. <\/p>\n<\/div>\n<div id=\"tab_b\u00e1scula-port\u00e1til,-resoluci\u00f3n-de-0.01g\" class=\"panel entry-content\" role=\"tabpanel\" aria-labelledby=\"tab-b\u00e1scula-port\u00e1til,-resoluci\u00f3n-de-0.01g\">\n\t<div id=\"gap-1035412445\" class=\"gap-element clearfix\" style=\"display:block; height:auto;\">\n\t\t\n<style>\n#gap-1035412445 {\n  padding-top: 30px;\n}\n<\/style>\n\t<\/div>\n\t\n<h3><img decoding=\"async\" class=\"alignnone size-full wp-image-1014\" src=\"http:\/\/farmaqua.com\/wp-content\/uploads\/2021\/07\/centigram_scales.jpg\" alt=\"\" width=\"300\" height=\"204\" \/> <br \/>B\u00e1scula port\u00e1til, resoluci\u00f3n de 0.01g <br \/>Tipo de producto: B\u00e1scula <\/h3>\n<p><strong>Product Detail<\/strong> <br \/>Pr\u00e1ctica b\u00e1scula con capacidad para 300 g y pantalla iluminada por LED. Funciona con bater\u00eda recargable. <\/p>\n<\/div>\n<div id=\"tab_b\u00e1scula-port\u00e1til,-resoluci\u00f3n-de-1.0-g\" class=\"panel entry-content\" role=\"tabpanel\" aria-labelledby=\"tab-b\u00e1scula-port\u00e1til,-resoluci\u00f3n-de-1.0-g\">\n\t<div id=\"gap-885353687\" class=\"gap-element clearfix\" style=\"display:block; height:auto;\">\n\t\t\n<style>\n#gap-885353687 {\n  padding-top: 30px;\n}\n<\/style>\n\t<\/div>\n\t\n<h3><img decoding=\"async\" class=\"alignnone size-full wp-image-1015\" src=\"http:\/\/farmaqua.com\/wp-content\/uploads\/2021\/07\/Scales_gram.jpg\" alt=\"\" width=\"300\" height=\"224\" \/> <br \/>B\u00e1scula port\u00e1til, resoluci\u00f3n de 1.0 g <br \/>Tipo de producto: B\u00e1scula <\/h3>\n<p><strong>Product Detail<\/strong> <br \/>B\u00e1scula adecuada para pesaje a granel de huevos y alevines. Capacidad de 1.0 kg. Disponible cable de alimentaci\u00f3n. <\/p>\n<\/div>\n<div id=\"tab_mesa-de-incubaci\u00f3n-inoxidable\" class=\"panel entry-content\" role=\"tabpanel\" aria-labelledby=\"tab-mesa-de-incubaci\u00f3n-inoxidable\">\n\t<div id=\"gap-1785294675\" class=\"gap-element clearfix\" style=\"display:block; height:auto;\">\n\t\t\n<style>\n#gap-1785294675 {\n  padding-top: 30px;\n}\n<\/style>\n\t<\/div>\n\t\n<h3><img decoding=\"async\" class=\"alignnone size-full wp-image-1016\" src=\"http:\/\/farmaqua.com\/wp-content\/uploads\/2021\/07\/Egg_incubator_table_SS.jpg\" alt=\"\" width=\"300\" height=\"179\" \/> <br \/>Mesa de incubaci\u00f3n inoxidable <br \/>Tipo de producto: Incubadora<\/h3>\n<p><strong>Product Detail<\/strong> <br \/>Suministramos armario de acero de calidad superior o armaz\u00f3n para las jarras de incubaci\u00f3n. Disponible en acero inoxidable 316 y 304. <\/p>\n<\/div>\n<div id=\"tab_armaz\u00f3n-inoxidable-de-10-bandejas\" class=\"panel entry-content\" role=\"tabpanel\" aria-labelledby=\"tab-armaz\u00f3n-inoxidable-de-10-bandejas\">\n\t<div id=\"gap-1009292115\" class=\"gap-element clearfix\" style=\"display:block; height:auto;\">\n\t\t\n<style>\n#gap-1009292115 {\n  padding-top: 30px;\n}\n<\/style>\n\t<\/div>\n\t\n<h3><img decoding=\"async\" class=\"alignnone size-full wp-image-1017\" src=\"http:\/\/farmaqua.com\/wp-content\/uploads\/2021\/07\/Fry_tray_frames_SS.jpg\" alt=\"\" width=\"300\" height=\"201\" \/> <br \/>Armaz\u00f3n inoxidable de 10 bandejas <br \/>Tipo de producto: Bandejas de alevines <\/h3>\n<p><strong>Product Detail<\/strong> <br \/>Este armaz\u00f3n alberga dos hileras de bandejas de aluminio. Incluye las tuber\u00edas y el tanque de polietileno. <\/p>\n<\/div><\/div><\/div>\n\t\t<\/div>\n\t\t\t\t\t<\/div>\n\n\t\n<\/div>\n","protected":false},"excerpt":{"rendered":"","protected":false},"author":1,"featured_media":1482,"parent":1414,"menu_order":4,"comment_status":"closed","ping_status":"closed","template":"page-blank.php","meta":{"footnotes":""},"class_list":["post-1470","page","type-page","status-publish","has-post-thumbnail","hentry"],"yoast_head":"<!-- This site is optimized with the Yoast SEO plugin v27.2 - https:\/\/yoast.com\/product\/yoast-seo-wordpress\/ -->\n<title>Material de hatchery - baanpramong<\/title>\n<meta name=\"robots\" content=\"index, follow, max-snippet:-1, max-image-preview:large, max-video-preview:-1\" \/>\n<link rel=\"canonical\" href=\"https:\/\/www.farmaqua.com\/es\/products\/material-de-hatchery\/\" \/>\n<meta property=\"og:locale\" content=\"es_ES\" \/>\n<meta property=\"og:type\" content=\"article\" \/>\n<meta property=\"og:title\" content=\"Material de hatchery - baanpramong\" \/>\n<meta property=\"og:url\" content=\"https:\/\/www.farmaqua.com\/es\/products\/material-de-hatchery\/\" \/>\n<meta property=\"og:site_name\" content=\"baanpramong\" \/>\n<meta property=\"article:modified_time\" content=\"2022-08-30T07:38:49+00:00\" \/>\n<meta property=\"og:image\" content=\"https:\/\/www.farmaqua.com\/wp-content\/uploads\/2021\/07\/HATCHERY-EQUIPMENT.jpg\" \/>\n\t<meta property=\"og:image:width\" content=\"200\" \/>\n\t<meta property=\"og:image:height\" content=\"200\" \/>\n\t<meta property=\"og:image:type\" content=\"image\/jpeg\" \/>\n<meta name=\"twitter:card\" content=\"summary_large_image\" \/>\n<meta name=\"twitter:label1\" content=\"Tiempo de lectura\" \/>\n\t<meta name=\"twitter:data1\" content=\"4 minutos\" \/>\n<script type=\"application\/ld+json\" class=\"yoast-schema-graph\">{\"@context\":\"https:\/\/schema.org\",\"@graph\":[{\"@type\":\"WebPage\",\"@id\":\"https:\/\/www.farmaqua.com\/es\/products\/material-de-hatchery\/\",\"url\":\"https:\/\/www.farmaqua.com\/es\/products\/material-de-hatchery\/\",\"name\":\"Material de hatchery - baanpramong\",\"isPartOf\":{\"@id\":\"https:\/\/www.farmaqua.com\/#website\"},\"primaryImageOfPage\":{\"@id\":\"https:\/\/www.farmaqua.com\/es\/products\/material-de-hatchery\/#primaryimage\"},\"image\":{\"@id\":\"https:\/\/www.farmaqua.com\/es\/products\/material-de-hatchery\/#primaryimage\"},\"thumbnailUrl\":\"https:\/\/www.farmaqua.com\/wp-content\/uploads\/2021\/07\/HATCHERY-EQUIPMENT.jpg\",\"datePublished\":\"2022-06-29T05:36:44+00:00\",\"dateModified\":\"2022-08-30T07:38:49+00:00\",\"breadcrumb\":{\"@id\":\"https:\/\/www.farmaqua.com\/es\/products\/material-de-hatchery\/#breadcrumb\"},\"inLanguage\":\"es\",\"potentialAction\":[{\"@type\":\"ReadAction\",\"target\":[\"https:\/\/www.farmaqua.com\/es\/products\/material-de-hatchery\/\"]}]},{\"@type\":\"ImageObject\",\"inLanguage\":\"es\",\"@id\":\"https:\/\/www.farmaqua.com\/es\/products\/material-de-hatchery\/#primaryimage\",\"url\":\"https:\/\/www.farmaqua.com\/wp-content\/uploads\/2021\/07\/HATCHERY-EQUIPMENT.jpg\",\"contentUrl\":\"https:\/\/www.farmaqua.com\/wp-content\/uploads\/2021\/07\/HATCHERY-EQUIPMENT.jpg\",\"width\":200,\"height\":200,\"caption\":\"HATCHERY EQUIPMENT\"},{\"@type\":\"BreadcrumbList\",\"@id\":\"https:\/\/www.farmaqua.com\/es\/products\/material-de-hatchery\/#breadcrumb\",\"itemListElement\":[{\"@type\":\"ListItem\",\"position\":1,\"name\":\"Home\",\"item\":\"https:\/\/www.farmaqua.com\/\"},{\"@type\":\"ListItem\",\"position\":2,\"name\":\"PRODUCTS\",\"item\":\"https:\/\/www.farmaqua.com\/es\/products\/\"},{\"@type\":\"ListItem\",\"position\":3,\"name\":\"Material de hatchery\"}]},{\"@type\":\"WebSite\",\"@id\":\"https:\/\/www.farmaqua.com\/#website\",\"url\":\"https:\/\/www.farmaqua.com\/\",\"name\":\"baanpramong\",\"description\":\"\",\"potentialAction\":[{\"@type\":\"SearchAction\",\"target\":{\"@type\":\"EntryPoint\",\"urlTemplate\":\"https:\/\/www.farmaqua.com\/?s={search_term_string}\"},\"query-input\":{\"@type\":\"PropertyValueSpecification\",\"valueRequired\":true,\"valueName\":\"search_term_string\"}}],\"inLanguage\":\"es\"}]}<\/script>\n<!-- \/ Yoast SEO plugin. -->","yoast_head_json":{"title":"Material de hatchery - baanpramong","robots":{"index":"index","follow":"follow","max-snippet":"max-snippet:-1","max-image-preview":"max-image-preview:large","max-video-preview":"max-video-preview:-1"},"canonical":"https:\/\/www.farmaqua.com\/es\/products\/material-de-hatchery\/","og_locale":"es_ES","og_type":"article","og_title":"Material de hatchery - baanpramong","og_url":"https:\/\/www.farmaqua.com\/es\/products\/material-de-hatchery\/","og_site_name":"baanpramong","article_modified_time":"2022-08-30T07:38:49+00:00","og_image":[{"width":200,"height":200,"url":"https:\/\/www.farmaqua.com\/wp-content\/uploads\/2021\/07\/HATCHERY-EQUIPMENT.jpg","type":"image\/jpeg"}],"twitter_card":"summary_large_image","twitter_misc":{"Tiempo de lectura":"4 minutos"},"schema":{"@context":"https:\/\/schema.org","@graph":[{"@type":"WebPage","@id":"https:\/\/www.farmaqua.com\/es\/products\/material-de-hatchery\/","url":"https:\/\/www.farmaqua.com\/es\/products\/material-de-hatchery\/","name":"Material de hatchery - baanpramong","isPartOf":{"@id":"https:\/\/www.farmaqua.com\/#website"},"primaryImageOfPage":{"@id":"https:\/\/www.farmaqua.com\/es\/products\/material-de-hatchery\/#primaryimage"},"image":{"@id":"https:\/\/www.farmaqua.com\/es\/products\/material-de-hatchery\/#primaryimage"},"thumbnailUrl":"https:\/\/www.farmaqua.com\/wp-content\/uploads\/2021\/07\/HATCHERY-EQUIPMENT.jpg","datePublished":"2022-06-29T05:36:44+00:00","dateModified":"2022-08-30T07:38:49+00:00","breadcrumb":{"@id":"https:\/\/www.farmaqua.com\/es\/products\/material-de-hatchery\/#breadcrumb"},"inLanguage":"es","potentialAction":[{"@type":"ReadAction","target":["https:\/\/www.farmaqua.com\/es\/products\/material-de-hatchery\/"]}]},{"@type":"ImageObject","inLanguage":"es","@id":"https:\/\/www.farmaqua.com\/es\/products\/material-de-hatchery\/#primaryimage","url":"https:\/\/www.farmaqua.com\/wp-content\/uploads\/2021\/07\/HATCHERY-EQUIPMENT.jpg","contentUrl":"https:\/\/www.farmaqua.com\/wp-content\/uploads\/2021\/07\/HATCHERY-EQUIPMENT.jpg","width":200,"height":200,"caption":"HATCHERY EQUIPMENT"},{"@type":"BreadcrumbList","@id":"https:\/\/www.farmaqua.com\/es\/products\/material-de-hatchery\/#breadcrumb","itemListElement":[{"@type":"ListItem","position":1,"name":"Home","item":"https:\/\/www.farmaqua.com\/"},{"@type":"ListItem","position":2,"name":"PRODUCTS","item":"https:\/\/www.farmaqua.com\/es\/products\/"},{"@type":"ListItem","position":3,"name":"Material de hatchery"}]},{"@type":"WebSite","@id":"https:\/\/www.farmaqua.com\/#website","url":"https:\/\/www.farmaqua.com\/","name":"baanpramong","description":"","potentialAction":[{"@type":"SearchAction","target":{"@type":"EntryPoint","urlTemplate":"https:\/\/www.farmaqua.com\/?s={search_term_string}"},"query-input":{"@type":"PropertyValueSpecification","valueRequired":true,"valueName":"search_term_string"}}],"inLanguage":"es"}]}},"_links":{"self":[{"href":"https:\/\/www.farmaqua.com\/es\/wp-json\/wp\/v2\/pages\/1470","targetHints":{"allow":["GET"]}}],"collection":[{"href":"https:\/\/www.farmaqua.com\/es\/wp-json\/wp\/v2\/pages"}],"about":[{"href":"https:\/\/www.farmaqua.com\/es\/wp-json\/wp\/v2\/types\/page"}],"author":[{"embeddable":true,"href":"https:\/\/www.farmaqua.com\/es\/wp-json\/wp\/v2\/users\/1"}],"replies":[{"embeddable":true,"href":"https:\/\/www.farmaqua.com\/es\/wp-json\/wp\/v2\/comments?post=1470"}],"version-history":[{"count":0,"href":"https:\/\/www.farmaqua.com\/es\/wp-json\/wp\/v2\/pages\/1470\/revisions"}],"up":[{"embeddable":true,"href":"https:\/\/www.farmaqua.com\/es\/wp-json\/wp\/v2\/pages\/1414"}],"wp:featuredmedia":[{"embeddable":true,"href":"https:\/\/www.farmaqua.com\/es\/wp-json\/wp\/v2\/media\/1482"}],"wp:attachment":[{"href":"https:\/\/www.farmaqua.com\/es\/wp-json\/wp\/v2\/media?parent=1470"}],"curies":[{"name":"wp","href":"https:\/\/api.w.org\/{rel}","templated":true}]}}